{"id":23,"date":"2023-10-18T09:00:08","date_gmt":"2023-10-18T07:00:08","guid":{"rendered":"https:\/\/shop.birkenhof-neetze.de\/index.php\/allgemeine_geschaeftsbedingungen\/"},"modified":"2024-02-02T13:01:32","modified_gmt":"2024-02-02T12:01:32","slug":"allgemeine_geschaeftsbedingungen","status":"publish","type":"page","link":"https:\/\/bikeho.de\/index.php\/allgemeine_geschaeftsbedingungen\/","title":{"rendered":"Allgemeine Gesch\u00e4ftsbedingungen"},"content":{"rendered":"<h2>bikeho SPIELEN und WOHNEN<\/h2>\n<h3>Allgemeine Gesch\u00e4ftsbedingungen und Kundeninformationen<\/h3>\n<div>\n<p><strong>I. Allgemeine Gesch\u00e4ftsbedingungen<\/strong><\/p>\n<p><strong>\u00a7 1 Grundlegende Bestimmungen<\/strong><\/p>\n<p><strong>(1)<\/strong>\u00a0Die nachstehenden Gesch\u00e4ftsbedingungen gelten f\u00fcr Vertr\u00e4ge, die Sie mit uns als Anbieter (Lebensgemeinschaft Birkenhof e.V.) \u00fcber die Internetseite www.bikeho.de schlie\u00dfen. Soweit nicht anders vereinbart, wird der Einbeziehung gegebenenfalls von Ihnen verwendeter eigener Bedingungen widersprochen.<\/p>\n<p><strong>(2)<\/strong>\u00a0Verbraucher im Sinne der nachstehenden Regelungen ist jede nat\u00fcrliche Person, die ein Rechtsgesch\u00e4ft zu Zwecken abschlie\u00dft, die \u00fcberwiegend weder ihrer gewerblichen noch ihrer selbst\u00e4ndigen beruflichen T\u00e4tigkeit zugerechnet werden kann. Unternehmer ist jede nat\u00fcrliche oder juristische Person oder eine rechtsf\u00e4hige Personengesellschaft, die bei Abschluss eines Rechtsgesch\u00e4fts in Aus\u00fcbung ihrer selbst\u00e4ndigen beruflichen oder gewerblichen T\u00e4tigkeit handelt.<\/p>\n<p><strong>\u00a7 2 Zustandekommen des Vertrages<\/strong><\/p>\n<p><strong>(1)<\/strong>\u00a0Gegenstand des Vertrages ist der Verkauf von Waren.<\/p>\n<p>Unsere Angebote im Internet sind unverbindlich und kein verbindliches Angebot zum Abschluss eines Vertrages.<\/p>\n<p><strong>(2)\u00a0<\/strong>Sie k\u00f6nnen ein verbindliches Kaufangebot (Bestellung) \u00fcber das Online-Warenkorbsystem abgeben.<br \/>Dabei werden die zum Kauf beabsichtigten Waren\u00a0im \u201eWarenkorb&#8220; abgelegt. \u00dcber die entsprechende Schaltfl\u00e4che in der Navigationsleiste k\u00f6nnen Sie den \u201eWarenkorb&#8220; aufrufen und dort jederzeit \u00c4nderungen vornehmen. Nach Aufrufen der Seite \u201eKasse&#8220; und der Eingabe der pers\u00f6nlichen Daten sowie der Zahlungs- und Versandbedingungen werden abschlie\u00dfend nochmals alle Bestelldaten auf der Bestell\u00fcbersichtsseite angezeigt.<\/p>\n<p>Vor Absenden der Bestellung haben Sie die M\u00f6glichkeit, hier s\u00e4mtliche Angaben nochmals zu \u00fcberpr\u00fcfen, zu \u00e4ndern (auch \u00fcber die Funktion \u201ezur\u00fcck&#8220; des Internetbrowsers) bzw. den Kauf abzubrechen.<br \/>Mit dem Absenden der Bestellung \u00fcber die Schaltfl\u00e4che &#8222;zahlungspflichtig bestellen&#8220; geben Sie ein verbindliches Angebot bei uns ab.<br \/>Sie erhalten zun\u00e4chst eine automatische E-Mail \u00fcber den Eingang Ihrer Bestellung, die noch nicht zum Vertragsschluss f\u00fchrt.<\/p>\n<p><strong>(3)<\/strong>\u00a0Die Annahme des Angebots (und damit der Vertragsabschluss) erfolgt innerhalb von 2 Tagen durch Best\u00e4tigung in Textform (z.B. E-Mail), in welcher Ihnen die Ausf\u00fchrung der Bestellung oder Auslieferung der Ware best\u00e4tigt wird (Auftragsbest\u00e4tigung).<br \/>Sollten Sie keine entsprechende Nachricht erhalten haben, sind Sie nicht mehr an Ihre Bestellung gebunden. Gegebenenfalls bereits erbrachte Leistungen werden in diesem Fall unverz\u00fcglich zur\u00fcckerstattet.<\/p>\n<p><strong>(4)<\/strong>\u00a0Ihre Anfragen zur Erstellung eines Angebotes sind f\u00fcr Sie unverbindlich. Wir unterbreiten Ihnen hierzu ein verbindliches Angebot in Textform (z.B. per E-Mail), welches Sie innerhalb von 5 Tagen annehmen k\u00f6nnen.<\/p>\n<p><strong>(5)<\/strong>\u00a0Die Abwicklung der Bestellung und \u00dcbermittlung aller im Zusammenhang mit dem Vertragsschluss erforderlichen Informationen erfolgt per E-Mail zum Teil automatisiert. Sie haben deshalb sicherzustellen, dass die von Ihnen bei uns hinterlegte E-Mail-Adresse zutreffend ist, der Empfang der E-Mails technisch sichergestellt und insbesondere nicht durch SPAM-Filter verhindert wird.<\/p>\n<p><strong>\u00a7 3 Zur\u00fcckbehaltungsrecht, Eigentumsvorbehalt<\/strong><\/p>\n<p><strong>(1)<\/strong>\u00a0Ein Zur\u00fcckbehaltungsrecht k\u00f6nnen Sie nur aus\u00fcben, soweit es sich um Forderungen aus demselben Vertragsverh\u00e4ltnis handelt.<\/p>\n<p><strong>(2)<\/strong>\u00a0\u00a0Die Ware bleibt bis zur vollst\u00e4ndigen Zahlung des Kaufpreises unser Eigentum.<\/p>\n<p><strong>\u00a7 4 Gew\u00e4hrleistung<\/strong><\/p>\n<p><strong>(1)\u00a0<\/strong>Es bestehen die gesetzlichen M\u00e4ngelhaftungsrechte.<\/p>\n<p><strong>(2)<\/strong>\u00a0Als Verbraucher werden Sie gebeten, die Sache bei Lieferung umgehend auf Vollst\u00e4ndigkeit, offensichtliche M\u00e4ngel und Transportsch\u00e4den zu \u00fcberpr\u00fcfen und uns sowie dem Spediteur Beanstandungen schnellstm\u00f6glich mitzuteilen. Kommen Sie dem nicht nach, hat dies keine Auswirkung auf Ihre gesetzlichen Gew\u00e4hrleistungsanspr\u00fcche.<\/p>\n<p><strong>\u00a7 5 Rechtswahl<\/strong><\/p>\n<p><strong>(1)\u00a0<\/strong>\u00a0Es gilt deutsches Recht. Bei Verbrauchern gilt diese Rechtswahl nur, soweit hierdurch der durch zwingende Bestimmungen des Rechts des Staates des gew\u00f6hnlichen Aufenthaltes des Verbrauchers gew\u00e4hrte Schutz nicht entzogen wird (G\u00fcnstigkeitsprinzip).<\/p>\n<p><strong>(2)<\/strong>\u00a0 Die Bestimmungen des UN-Kaufrechts finden ausdr\u00fccklich keine Anwendung.<\/p>\n<p><strong>II. Kundeninformationen\u00a0<\/strong><\/p>\n<p><strong>1. Identit\u00e4t des Verk\u00e4ufers<\/strong><\/p>\n<p>Lebensgemeinschaft Birkenhof e.V.<br \/>Karzer Str. 2<br \/>21398 Neetze<br \/>Deutschland<br \/>Telefon: 05850972570<br \/>E-Mail: werkstaetten@birkenhof-neetze.de<\/p>\n<p><strong>Alternative Streitbeilegung:<\/strong><br \/>Die Europ\u00e4ische Kommission stellt eine Plattform f\u00fcr die au\u00dfergerichtliche Online-Streitbeilegung (OS-Plattform) bereit, aufrufbar unter\u00a0<span style=\"color: #3366ff;\"><a style=\"color: #3366ff;\" href=\"https:\/\/ec.europa.eu\/odr\">https:\/\/ec.europa.eu\/odr<\/a>.<\/span><\/p>\n<p>Wir sind nicht bereit, an Streitbeilegungsverfahren vor Verbraucherschlichtungsstellen teilzunehmen.<\/p>\n<p><strong>2. Informationen zum Zustandekommen des Vertrages<\/strong><\/p>\n<p>Die technischen Schritte zum Vertragsschluss, der Vertragsschluss selbst und die Korrekturm\u00f6glichkeiten erfolgen nach Ma\u00dfgabe der Regelungen &#8222;Zustandekommen des Vertrages&#8220; unserer Allgemeinen Gesch\u00e4ftsbedingungen (Teil I.).<\/p>\n<p><strong>3. Vertragssprache, Vertragstextspeicherung<\/strong><\/p>\n<p>3.1. Vertragssprache ist deutsch\u00a0.<\/p>\n<p>3.2. Der vollst\u00e4ndige Vertragstext wird von uns nicht gespeichert. Vor Absenden der Bestellung\u00a0\u00fcber das Online &#8211; Warenkorbsystem\u00a0\u00a0k\u00f6nnen die Vertragsdaten \u00fcber die Druckfunktion des Browsers ausgedruckt oder elektronisch gesichert werden. Nach Zugang der Bestellung bei uns werden die Bestelldaten, die gesetzlich vorgeschriebenen Informationen bei Fernabsatzvertr\u00e4gen und die Allgemeinen Gesch\u00e4ftsbedingungen nochmals per E-Mail an Sie \u00fcbersandt.<\/p>\n<p>3.3. Bei Angebotsanfragen au\u00dferhalb des Online-Warenkorbsystems erhalten Sie alle Vertragsdaten im Rahmen eines verbindlichen Angebotes in Textform \u00fcbersandt, z.B. per E-Mail, welche Sie ausdrucken oder elektronisch sichern k\u00f6nnen.<\/p>\n<p><strong>4. Wesentliche Merkmale der Ware oder Dienstleistung<\/strong><\/p>\n<p>Die wesentlichen Merkmale der Ware und\/oder Dienstleistung finden sich im jeweiligen Angebot.<\/p>\n<p><strong>5. Preise und Zahlungsmodalit\u00e4ten<\/strong><\/p>\n<p>5.1. Die in den jeweiligen Angeboten angef\u00fchrten Preise sowie die Versandkosten stellen Gesamtpreise dar. Sie beinhalten alle Preisbestandteile einschlie\u00dflich aller anfallenden Steuern.<\/p>\n<p>5.2. Die anfallenden Versandkosten sind nicht im Kaufpreis enthalten.\u00a0Sie sind \u00fcber eine entsprechend bezeichnete Schaltfl\u00e4che auf unserer Internetpr\u00e4senz oder im jeweiligen Angebot aufrufbar,\u00a0werden im Laufe des Bestellvorganges gesondert ausgewiesen und sind von Ihnen zus\u00e4tzlich zu tragen, soweit nicht die versandkostenfreie Lieferung zugesagt ist.<\/p>\n<p>5.3. Erfolgt die Lieferung in L\u00e4nder au\u00dferhalb der Europ\u00e4ischen Union k\u00f6nnen von uns nicht zu vertretende weitere Kosten anfallen, wie z.B. Z\u00f6lle, Steuern oder Geld\u00fcbermittlungsgeb\u00fchren (\u00dcberweisungs- oder Wechselkursgeb\u00fchren der Kreditinstitute), die von Ihnen zu tragen sind.<\/p>\n<p>5.4.\u00a0Entstandene Kosten der Geld\u00fcbermittlung\u00a0(\u00dcberweisungs- oder Wechselkursgeb\u00fchren der Kreditinstitute)\u00a0sind von Ihnen\u00a0in den F\u00e4llen zu tragen, in denen die Lieferung in einen EU-Mitgliedsstaat erfolgt, die Zahlung aber au\u00dferhalb der Europ\u00e4ischen Union veranlasst wurde.<\/p>\n<p>5.5. Die Ihnen zur Verf\u00fcgung stehenden Zahlungsarten\u00a0sind unter einer entsprechend bezeichneten Schaltfl\u00e4che auf unserer Internetpr\u00e4senz oder im jeweiligen Angebot ausgewiesen.<\/p>\n<p>5.6. Soweit bei den einzelnen Zahlungsarten nicht anders angegeben, sind die Zahlungsanspr\u00fcche aus dem geschlossenen Vertrag sofort zur Zahlung f\u00e4llig.<\/p>\n<p><strong>6. Lieferbedingungen<\/strong><\/p>\n<p>6.1. Die Lieferbedingungen, der Liefertermin sowie gegebenenfalls bestehende Lieferbeschr\u00e4nkungen finden sich unter einer entsprechend bezeichneten Schaltfl\u00e4che auf unserer Internetpr\u00e4senz oder im jeweiligen Angebot.<\/p>\n<p>6.2. Soweit Sie Verbraucher sind ist gesetzlich geregelt, dass die Gefahr des zuf\u00e4lligen Untergangs und der zuf\u00e4lligen Verschlechterung der verkauften Sache w\u00e4hrend der Versendung erst mit der \u00dcbergabe der Ware an Sie \u00fcbergeht, unabh\u00e4ngig davon, ob die Versendung versichert oder unversichert erfolgt. Dies gilt nicht, wenn Sie eigenst\u00e4ndig ein nicht vom Unternehmer benanntes Transportunternehmen oder eine sonst zur Ausf\u00fchrung der Versendung bestimmte Person beauftragt haben.<\/p>\n<p><strong>7. Gesetzliches M\u00e4ngelhaftungsrecht\u00a0<\/strong><\/p>\n<p>Die M\u00e4ngelhaftung richtet sich nach der Regelung &#8222;Gew\u00e4hrleistung&#8220; in unseren Allgemeinen Gesch\u00e4ftsbedingungen (Teil I).<\/p>\n<p>Diese AGB und Kundeninformationen wurden von den auf IT-Recht spezialisierten Juristen des H\u00e4ndlerbundes erstellt und werden permanent auf Rechtskonformit\u00e4t gepr\u00fcft. Die H\u00e4ndlerbund Management AG garantiert f\u00fcr die Rechtssicherheit der Texte und haftet im Falle von Abmahnungen. N\u00e4here Informationen dazu finden Sie unter:\u00a0<span style=\"color: #3366ff;\"><a style=\"color: #3366ff;\" href=\"https:\/\/www.haendlerbund.de\/agb-service\">https:\/\/www.haendlerbund.de\/agb-service<\/a>.<\/span><\/p>\n<p><span style=\"color: #000000;\">letzte <\/span>Aktualisierung:\u00a019.11.2018<\/p>\n<\/div>\n<p><!--more--><br \/>\n<!-- {\"type\":\"layout\",\"children\":[{\"type\":\"section\",\"props\":{\"image_position\":\"center-center\",\"style\":\"default\",\"title_breakpoint\":\"xl\",\"title_position\":\"top-left\",\"title_rotation\":\"left\",\"vertical_align\":\"middle\",\"width\":\"default\"},\"children\":[{\"type\":\"row\",\"children\":[{\"type\":\"column\",\"props\":{\"image_position\":\"center-center\",\"position_sticky_breakpoint\":\"m\"},\"children\":[{\"type\":\"breadcrumbs\",\"props\":{\"show_current\":true,\"show_home\":true}},{\"type\":\"headline\",\"props\":{\"content\":\"bikeho SPIELEN und WOHNEN\",\"margin\":\"small\",\"title_element\":\"h2\",\"title_style\":\"h2\"}},{\"type\":\"headline\",\"props\":{\"class\":\"greener\",\"content\":\"Allgemeine Gesch\\u00e4ftsbedingungen und Kundeninformationen\",\"margin_remove_top\":true,\"title_element\":\"h3\",\"title_style\":\"h3\"}},{\"type\":\"text\",\"props\":{\"column_breakpoint\":\"m\",\"content\":\"\n\n<p><strong>I. Allgemeine Gesch\\u00e4ftsbedingungen<\\\/strong><\\\/p>\\n\n\n<p><strong>\\u00a7 1 Grundlegende Bestimmungen<\\\/strong><\\\/p>\\n\n\n<p><strong>(1)<\\\/strong>\\u00a0Die nachstehenden Gesch\\u00e4ftsbedingungen gelten f\\u00fcr Vertr\\u00e4ge, die Sie mit uns als Anbieter (Lebensgemeinschaft Birkenhof e.V.) \\u00fcber die Internetseite www.bikeho.de schlie\\u00dfen. Soweit nicht anders vereinbart, wird der Einbeziehung gegebenenfalls von Ihnen verwendeter eigener Bedingungen widersprochen.<\\\/p>\\n\n\n<p><strong>(2)<\\\/strong>\\u00a0Verbraucher im Sinne der nachstehenden Regelungen ist jede nat\\u00fcrliche Person, die ein Rechtsgesch\\u00e4ft zu Zwecken abschlie\\u00dft, die \\u00fcberwiegend weder ihrer gewerblichen noch ihrer selbst\\u00e4ndigen beruflichen T\\u00e4tigkeit zugerechnet werden kann. Unternehmer ist jede nat\\u00fcrliche oder juristische Person oder eine rechtsf\\u00e4hige Personengesellschaft, die bei Abschluss eines Rechtsgesch\\u00e4fts in Aus\\u00fcbung ihrer selbst\\u00e4ndigen beruflichen oder gewerblichen T\\u00e4tigkeit handelt.<\\\/p>\\n\n\n<p><strong>\\u00a7 2 Zustandekommen des Vertrages<\\\/strong><\\\/p>\\n\n\n<p><strong>(1)<\\\/strong>\\u00a0Gegenstand des Vertrages ist der Verkauf von Waren.<\\\/p>\\n\n\n<p>Unsere Angebote im Internet sind unverbindlich und kein verbindliches Angebot zum Abschluss eines Vertrages.<\\\/p>\\n\n\n<p><strong>(2)\\u00a0<\\\/strong>Sie k\\u00f6nnen ein verbindliches Kaufangebot (Bestellung) \\u00fcber das Online-Warenkorbsystem abgeben.<br \\\/>Dabei werden die zum Kauf beabsichtigten Waren\\u00a0im \\u201eWarenkorb\\\" abgelegt. \\u00dcber die entsprechende Schaltfl\\u00e4che in der Navigationsleiste k\\u00f6nnen Sie den \\u201eWarenkorb\\\" aufrufen und dort jederzeit \\u00c4nderungen vornehmen. Nach Aufrufen der Seite \\u201eKasse\\\" und der Eingabe der pers\\u00f6nlichen Daten sowie der Zahlungs- und Versandbedingungen werden abschlie\\u00dfend nochmals alle Bestelldaten auf der Bestell\\u00fcbersichtsseite angezeigt.<\\\/p>\\n\n\n<p>Vor Absenden der Bestellung haben Sie die M\\u00f6glichkeit, hier s\\u00e4mtliche Angaben nochmals zu \\u00fcberpr\\u00fcfen, zu \\u00e4ndern (auch \\u00fcber die Funktion \\u201ezur\\u00fcck\\\" des Internetbrowsers) bzw. den Kauf abzubrechen.<br \\\/>Mit dem Absenden der Bestellung \\u00fcber die Schaltfl\\u00e4che \\\"zahlungspflichtig bestellen\\\" geben Sie ein verbindliches Angebot bei uns ab.<br \\\/>Sie erhalten zun\\u00e4chst eine automatische E-Mail \\u00fcber den Eingang Ihrer Bestellung, die noch nicht zum Vertragsschluss f\\u00fchrt.<\\\/p>\\n\n\n<p><strong>(3)<\\\/strong>\\u00a0Die Annahme des Angebots (und damit der Vertragsabschluss) erfolgt innerhalb von 2 Tagen durch Best\\u00e4tigung in Textform (z.B. E-Mail), in welcher Ihnen die Ausf\\u00fchrung der Bestellung oder Auslieferung der Ware best\\u00e4tigt wird (Auftragsbest\\u00e4tigung).<br \\\/>Sollten Sie keine entsprechende Nachricht erhalten haben, sind Sie nicht mehr an Ihre Bestellung gebunden. Gegebenenfalls bereits erbrachte Leistungen werden in diesem Fall unverz\\u00fcglich zur\\u00fcckerstattet.<\\\/p>\\n\n\n<p><strong>(4)<\\\/strong>\\u00a0Ihre Anfragen zur Erstellung eines Angebotes sind f\\u00fcr Sie unverbindlich. Wir unterbreiten Ihnen hierzu ein verbindliches Angebot in Textform (z.B. per E-Mail), welches Sie innerhalb von 5 Tagen annehmen k\\u00f6nnen.<\\\/p>\\n\n\n<p><strong>(5)<\\\/strong>\\u00a0Die Abwicklung der Bestellung und \\u00dcbermittlung aller im Zusammenhang mit dem Vertragsschluss erforderlichen Informationen erfolgt per E-Mail zum Teil automatisiert. Sie haben deshalb sicherzustellen, dass die von Ihnen bei uns hinterlegte E-Mail-Adresse zutreffend ist, der Empfang der E-Mails technisch sichergestellt und insbesondere nicht durch SPAM-Filter verhindert wird.<\\\/p>\\n\n\n<p><strong>\\u00a7 3 Zur\\u00fcckbehaltungsrecht, Eigentumsvorbehalt<\\\/strong><\\\/p>\\n\n\n<p><strong>(1)<\\\/strong>\\u00a0Ein Zur\\u00fcckbehaltungsrecht k\\u00f6nnen Sie nur aus\\u00fcben, soweit es sich um Forderungen aus demselben Vertragsverh\\u00e4ltnis handelt.<\\\/p>\\n\n\n<p><strong>(2)<\\\/strong>\\u00a0\\u00a0Die Ware bleibt bis zur vollst\\u00e4ndigen Zahlung des Kaufpreises unser Eigentum.<\\\/p>\\n\n\n<p><strong>\\u00a7 4 Gew\\u00e4hrleistung<\\\/strong><\\\/p>\\n\n\n<p><strong>(1)\\u00a0<\\\/strong>Es bestehen die gesetzlichen M\\u00e4ngelhaftungsrechte.<\\\/p>\\n\n\n<p><strong>(2)<\\\/strong>\\u00a0Als Verbraucher werden Sie gebeten, die Sache bei Lieferung umgehend auf Vollst\\u00e4ndigkeit, offensichtliche M\\u00e4ngel und Transportsch\\u00e4den zu \\u00fcberpr\\u00fcfen und uns sowie dem Spediteur Beanstandungen schnellstm\\u00f6glich mitzuteilen. Kommen Sie dem nicht nach, hat dies keine Auswirkung auf Ihre gesetzlichen Gew\\u00e4hrleistungsanspr\\u00fcche.<\\\/p>\\n\n\n<p><strong>\\u00a7 5 Rechtswahl<\\\/strong><\\\/p>\\n\n\n<p><strong>(1)\\u00a0<\\\/strong>\\u00a0Es gilt deutsches Recht. Bei Verbrauchern gilt diese Rechtswahl nur, soweit hierdurch der durch zwingende Bestimmungen des Rechts des Staates des gew\\u00f6hnlichen Aufenthaltes des Verbrauchers gew\\u00e4hrte Schutz nicht entzogen wird (G\\u00fcnstigkeitsprinzip).<\\\/p>\\n\n\n<p><strong>(2)<\\\/strong>\\u00a0 Die Bestimmungen des UN-Kaufrechts finden ausdr\\u00fccklich keine Anwendung.<\\\/p>\\n\n\n<p><strong>II. Kundeninformationen\\u00a0<\\\/strong><\\\/p>\\n\n\n<p><strong>1. Identit\\u00e4t des Verk\\u00e4ufers<\\\/strong><\\\/p>\\n\n\n<p>Lebensgemeinschaft Birkenhof e.V.<br \\\/>Karzer Str. 2<br \\\/>21398 Neetze<br \\\/>Deutschland<br \\\/>Telefon: 05850972570<br \\\/>E-Mail: werkstaetten@birkenhof-neetze.de<\\\/p>\\n\n\n<p><strong>Alternative Streitbeilegung:<\\\/strong><br \\\/>Die Europ\\u00e4ische Kommission stellt eine Plattform f\\u00fcr die au\\u00dfergerichtliche Online-Streitbeilegung (OS-Plattform) bereit, aufrufbar unter\\u00a0<span style=\\\"color: #3366ff;\\\"><a style=\\\"color: #3366ff;\\\" href=\\\"https:\\\/\\\/ec.europa.eu\\\/odr\\\">https:\\\/\\\/ec.europa.eu\\\/odr<\\\/a>.<\\\/span><\\\/p>\\n\n\n<p>Wir sind nicht bereit, an Streitbeilegungsverfahren vor Verbraucherschlichtungsstellen teilzunehmen.<\\\/p>\\n\n\n<p><strong>2. Informationen zum Zustandekommen des Vertrages<\\\/strong><\\\/p>\\n\n\n<p>Die technischen Schritte zum Vertragsschluss, der Vertragsschluss selbst und die Korrekturm\\u00f6glichkeiten erfolgen nach Ma\\u00dfgabe der Regelungen \\\"Zustandekommen des Vertrages\\\" unserer Allgemeinen Gesch\\u00e4ftsbedingungen (Teil I.).<\\\/p>\\n\n\n<p><strong>3. Vertragssprache, Vertragstextspeicherung<\\\/strong><\\\/p>\\n\n\n<p>3.1. Vertragssprache ist deutsch\\u00a0.<\\\/p>\\n\n\n<p>3.2. Der vollst\\u00e4ndige Vertragstext wird von uns nicht gespeichert. Vor Absenden der Bestellung\\u00a0\\u00fcber das Online - Warenkorbsystem\\u00a0\\u00a0k\\u00f6nnen die Vertragsdaten \\u00fcber die Druckfunktion des Browsers ausgedruckt oder elektronisch gesichert werden. Nach Zugang der Bestellung bei uns werden die Bestelldaten, die gesetzlich vorgeschriebenen Informationen bei Fernabsatzvertr\\u00e4gen und die Allgemeinen Gesch\\u00e4ftsbedingungen nochmals per E-Mail an Sie \\u00fcbersandt.<\\\/p>\\n\n\n<p>3.3. Bei Angebotsanfragen au\\u00dferhalb des Online-Warenkorbsystems erhalten Sie alle Vertragsdaten im Rahmen eines verbindlichen Angebotes in Textform \\u00fcbersandt, z.B. per E-Mail, welche Sie ausdrucken oder elektronisch sichern k\\u00f6nnen.<\\\/p>\\n\n\n<p><strong>4. Wesentliche Merkmale der Ware oder Dienstleistung<\\\/strong><\\\/p>\\n\n\n<p>Die wesentlichen Merkmale der Ware und\\\/oder Dienstleistung finden sich im jeweiligen Angebot.<\\\/p>\\n\n\n<p><strong>5. Preise und Zahlungsmodalit\\u00e4ten<\\\/strong><\\\/p>\\n\n\n<p>5.1. Die in den jeweiligen Angeboten angef\\u00fchrten Preise sowie die Versandkosten stellen Gesamtpreise dar. Sie beinhalten alle Preisbestandteile einschlie\\u00dflich aller anfallenden Steuern.<\\\/p>\\n\n\n<p>5.2. Die anfallenden Versandkosten sind nicht im Kaufpreis enthalten.\\u00a0Sie sind \\u00fcber eine entsprechend bezeichnete Schaltfl\\u00e4che auf unserer Internetpr\\u00e4senz oder im jeweiligen Angebot aufrufbar,\\u00a0werden im Laufe des Bestellvorganges gesondert ausgewiesen und sind von Ihnen zus\\u00e4tzlich zu tragen, soweit nicht die versandkostenfreie Lieferung zugesagt ist.<\\\/p>\\n\n\n<p>5.3. Erfolgt die Lieferung in L\\u00e4nder au\\u00dferhalb der Europ\\u00e4ischen Union k\\u00f6nnen von uns nicht zu vertretende weitere Kosten anfallen, wie z.B. Z\\u00f6lle, Steuern oder Geld\\u00fcbermittlungsgeb\\u00fchren (\\u00dcberweisungs- oder Wechselkursgeb\\u00fchren der Kreditinstitute), die von Ihnen zu tragen sind.<\\\/p>\\n\n\n<p>5.4.\\u00a0Entstandene Kosten der Geld\\u00fcbermittlung\\u00a0(\\u00dcberweisungs- oder Wechselkursgeb\\u00fchren der Kreditinstitute)\\u00a0sind von Ihnen\\u00a0in den F\\u00e4llen zu tragen, in denen die Lieferung in einen EU-Mitgliedsstaat erfolgt, die Zahlung aber au\\u00dferhalb der Europ\\u00e4ischen Union veranlasst wurde.<\\\/p>\\n\n\n<p>5.5. Die Ihnen zur Verf\\u00fcgung stehenden Zahlungsarten\\u00a0sind unter einer entsprechend bezeichneten Schaltfl\\u00e4che auf unserer Internetpr\\u00e4senz oder im jeweiligen Angebot ausgewiesen.<\\\/p>\\n\n\n<p>5.6. Soweit bei den einzelnen Zahlungsarten nicht anders angegeben, sind die Zahlungsanspr\\u00fcche aus dem geschlossenen Vertrag sofort zur Zahlung f\\u00e4llig.<\\\/p>\\n\n\n<p><strong>6. Lieferbedingungen<\\\/strong><\\\/p>\\n\n\n<p>6.1. Die Lieferbedingungen, der Liefertermin sowie gegebenenfalls bestehende Lieferbeschr\\u00e4nkungen finden sich unter einer entsprechend bezeichneten Schaltfl\\u00e4che auf unserer Internetpr\\u00e4senz oder im jeweiligen Angebot.<\\\/p>\\n\n\n<p>6.2. Soweit Sie Verbraucher sind ist gesetzlich geregelt, dass die Gefahr des zuf\\u00e4lligen Untergangs und der zuf\\u00e4lligen Verschlechterung der verkauften Sache w\\u00e4hrend der Versendung erst mit der \\u00dcbergabe der Ware an Sie \\u00fcbergeht, unabh\\u00e4ngig davon, ob die Versendung versichert oder unversichert erfolgt. Dies gilt nicht, wenn Sie eigenst\\u00e4ndig ein nicht vom Unternehmer benanntes Transportunternehmen oder eine sonst zur Ausf\\u00fchrung der Versendung bestimmte Person beauftragt haben.<\\\/p>\\n\n\n<p><strong>7. Gesetzliches M\\u00e4ngelhaftungsrecht\\u00a0<\\\/strong><\\\/p>\\n\n\n<p>Die M\\u00e4ngelhaftung richtet sich nach der Regelung \\\"Gew\\u00e4hrleistung\\\" in unseren Allgemeinen Gesch\\u00e4ftsbedingungen (Teil I).<\\\/p>\\n\n\n<p>Diese AGB und Kundeninformationen wurden von den auf IT-Recht spezialisierten Juristen des H\\u00e4ndlerbundes erstellt und werden permanent auf Rechtskonformit\\u00e4t gepr\\u00fcft. Die H\\u00e4ndlerbund Management AG garantiert f\\u00fcr die Rechtssicherheit der Texte und haftet im Falle von Abmahnungen. N\\u00e4here Informationen dazu finden Sie unter:\\u00a0<span style=\\\"color: #3366ff;\\\"><a style=\\\"color: #3366ff;\\\" href=\\\"https:\\\/\\\/www.haendlerbund.de\\\/agb-service\\\">https:\\\/\\\/www.haendlerbund.de\\\/agb-service<\\\/a>.<\\\/span><\\\/p>\\n\n\n<p><span style=\\\"color: #000000;\\\">letzte <\\\/span>Aktualisierung:\\u00a019.11.2018<\\\/p>\",\"margin\":\"default\"}}]}]}],\"name\":\"Header - Allgemeine Gesch\\u00e4ftsbedingungen\"}],\"version\":\"4.2.13\"} --><\/p>\n","protected":false},"excerpt":{"rendered":"<p>bikeho SPIELEN und WOHNEN Allgemeine Gesch\u00e4ftsbedingungen und Kundeninformationen I. Allgemeine Gesch\u00e4ftsbedingungen \u00a7 1 Grundlegende Bestimmungen (1)\u00a0Die nachstehenden Gesch\u00e4ftsbedingungen gelten f\u00fcr Vertr\u00e4ge, die Sie mit uns als Anbieter (Lebensgemeinschaft Birkenhof e.V.) \u00fcber die Internetseite www.bikeho.de schlie\u00dfen. Soweit nicht anders vereinbart, wird der Einbeziehung gegebenenfalls von Ihnen verwendeter eigener Bedingungen widersprochen. (2)\u00a0Verbraucher im Sinne der nachstehenden Regelungen [&hellip;]<\/p>\n","protected":false},"author":1,"featured_media":0,"parent":0,"menu_order":13,"comment_status":"closed","ping_status":"closed","template":"","meta":{"footnotes":""},"class_list":["post-23","page","type-page","status-publish","hentry"],"_links":{"self":[{"href":"https:\/\/bikeho.de\/index.php\/wp-json\/wp\/v2\/pages\/23","targetHints":{"allow":["GET"]}}],"collection":[{"href":"https:\/\/bikeho.de\/index.php\/wp-json\/wp\/v2\/pages"}],"about":[{"href":"https:\/\/bikeho.de\/index.php\/wp-json\/wp\/v2\/types\/page"}],"author":[{"embeddable":true,"href":"https:\/\/bikeho.de\/index.php\/wp-json\/wp\/v2\/users\/1"}],"replies":[{"embeddable":true,"href":"https:\/\/bikeho.de\/index.php\/wp-json\/wp\/v2\/comments?post=23"}],"version-history":[{"count":6,"href":"https:\/\/bikeho.de\/index.php\/wp-json\/wp\/v2\/pages\/23\/revisions"}],"predecessor-version":[{"id":6758,"href":"https:\/\/bikeho.de\/index.php\/wp-json\/wp\/v2\/pages\/23\/revisions\/6758"}],"wp:attachment":[{"href":"https:\/\/bikeho.de\/index.php\/wp-json\/wp\/v2\/media?parent=23"}],"curies":[{"name":"wp","href":"https:\/\/api.w.org\/{rel}","templated":true}]}}