{"id":51,"date":"2023-10-19T11:11:26","date_gmt":"2023-10-19T09:11:26","guid":{"rendered":"https:\/\/shop.birkenhof-neetze.de\/?page_id=51"},"modified":"2025-04-09T06:26:15","modified_gmt":"2025-04-09T04:26:15","slug":"kontakt","status":"publish","type":"page","link":"https:\/\/bikeho.de\/index.php\/kontakt\/","title":{"rendered":"Kontakt"},"content":{"rendered":"<div>\n<p><span style=\"color: #db7b09;\"><b>Lebensgemeinschaft <br \/>Birkenhof e.V.<\/b><\/span><br \/>Karzer Strasse 2<br \/>21398 Neetze<br \/>Telefon: 05850 97257 0<br \/><a href=\"mailto:verwaltung@birkenhof-neetze.de\">verwaltung@birkenhof-neetze.de<\/a><br \/><a href=\"https:\/\/www.birkenhof-neetze.de\/\">www.birkenhof-neetze.de<\/a><\/p>\n<p><span style=\"color: #000000;\"><strong>Direkt erreichen Sie die Werkst\u00e4tten:<\/strong> <\/span><br \/>Mo. \u2013 Fr. : 8.00 \u2013 12.00 Uhr<br \/>Mo. \u2013 Do.: 14.00 \u2013 17.00 Uhr<br \/>Tel.: Holzwerkstatt: 05850 97257 35<br \/>Tel.: Textilwerkstatt: 05850 97257 44<br \/><a href=\"mailto:werkstaetten@birkenhof-neetze.de\">werkstaetten@birkenhof-neetze.de<\/a><\/p>\n<\/div>\n<div>\n<p><a href=\"https:\/\/bikeho.de\/index.php\/produkt-kategorie\/holzspielzeug\/\"><strong>Holzspielzeug<\/strong><\/a><\/p>\n<ul>\n<li><a href=\"https:\/\/bikeho.de\/index.php\/produkt-kategorie\/holzspielzeug\/baukloetze\/\">Baukl\u00f6tze<\/a><\/li>\n<li><a href=\"https:\/\/bikeho.de\/index.php\/produkt-kategorie\/holzspielzeug\/spielwelten\/\">Spielwelten<\/a><\/li>\n<li><a href=\"https:\/\/bikeho.de\/index.php\/produkt-kategorie\/holzspielzeug\/behausungen\/\">Behausungen<\/a><\/li>\n<li><a href=\"https:\/\/bikeho.de\/index.php\/produkt-kategorie\/holzspielzeug\/kleine-haeuser\/\">Kleine H\u00e4user<\/a><\/li>\n<li><a href=\"https:\/\/bikeho.de\/index.php\/produkt-kategorie\/holzspielzeug\/bruecken_und_tore\/\">Br\u00fccken und Tore<\/a><\/li>\n<li><a href=\"https:\/\/bikeho.de\/index.php\/produkt-kategorie\/holzspielzeug\/baeume\/\">B\u00e4ume<\/a><\/li>\n<li><a href=\"https:\/\/bikeho.de\/index.php\/produkt-kategorie\/holzspielzeug\/ritterburgen\/\">Ritterburgen<\/a><\/li>\n<li><a href=\"https:\/\/bikeho.de\/index.php\/produkt-kategorie\/holzspielzeug\/spielklammer\/\">Spielklammer<\/a><\/li>\n<\/ul>\n<p><a href=\"https:\/\/bikeho.de\/index.php\/produkt-kategorie\/kunsthandwerkliches\/\"><strong>Kunsthandwerkliches<\/strong><\/a><\/p>\n<p><a href=\"https:\/\/bikeho.de\/index.php\/produkt-kategorie\/kleiderbuegelhaken\/\"><strong>Kleiderb\u00fcgelhaken<\/strong><\/a><\/p>\n<p><a href=\"https:\/\/bikeho.de\/index.php\/produkt-kategorie\/sale\/\"><strong>Sale %<\/strong><\/a><\/p>\n<p><a href=\"https:\/\/bikeho.de\/index.php\/produkt-kategorie\/textilien\/\"><strong>Textilien<\/strong><\/a><\/p>\n<ul>\n<li><a href=\"https:\/\/bikeho.de\/index.php\/produkt-kategorie\/textilien\/geschirrhandtuecher\/\">Geschirrhandt\u00fccher<\/a><\/li>\n<li><a href=\"https:\/\/bikeho.de\/index.php\/produkt-kategorie\/textilien\/sitzkissen\/\">Sitzkissen<\/a><\/li>\n<li><a href=\"https:\/\/bikeho.de\/index.php\/produkt-kategorie\/textilien\/lesekissen\/\">Lesekissen<\/a><\/li>\n<li><a href=\"https:\/\/bikeho.de\/index.php\/produkt-kategorie\/textilien\/schals\/\">Schals<\/a><\/li>\n<\/ul>\n<\/div>\n<h2>\n<p>Ihr pers\u00f6nlicher Kontakt zu uns.<\/p>\n<\/h2>\n<h3>Mit uns k\u00f6nnen Sie reden und rechnen.<\/h3>\n<div>\n<p>Unser Kundenservice f\u00fcr Sie: Haben Sie Fragen, Anregungen, W\u00fcnsche, Lob oder auch Reklamationen und Kritik? Nutzen Sie bitte dieses Kontaktformular oder rufen Sie uns einfach an. Unsere Mitarbeiter aus der Holzwerkstatt sind vormittags von montags bis freitags, 8:00 \u2013 12:00 Uhr und nachmittags au\u00dfer freitags, 14:00 \u2013 17:00 Uhr, f\u00fcr Sie da und helfen Ihnen bei Fragen zu den Produkten oder Problemen beim Bestellvorgang gern weiter. <br \/>Telefon: 05850 97257 35<\/p>\n<\/div>\n<div>\n\n<div class=\"wpcf7 no-js\" id=\"wpcf7-f6729-o1\" lang=\"de-DE\" dir=\"ltr\" data-wpcf7-id=\"6729\">\n<div class=\"screen-reader-response\"><p role=\"status\" aria-live=\"polite\" aria-atomic=\"true\"><\/p> <ul><\/ul><\/div>\n<form action=\"\/index.php\/wp-json\/wp\/v2\/pages\/51#wpcf7-f6729-o1\" method=\"post\" class=\"wpcf7-form init\" aria-label=\"Kontaktformular\" novalidate=\"novalidate\" data-status=\"init\">\n<fieldset class=\"hidden-fields-container\"><input type=\"hidden\" name=\"_wpcf7\" value=\"6729\" \/><input type=\"hidden\" name=\"_wpcf7_version\" value=\"6.1.5\" \/><input type=\"hidden\" name=\"_wpcf7_locale\" value=\"de_DE\" \/><input type=\"hidden\" name=\"_wpcf7_unit_tag\" value=\"wpcf7-f6729-o1\" \/><input type=\"hidden\" name=\"_wpcf7_container_post\" value=\"0\" \/><input type=\"hidden\" name=\"_wpcf7_posted_data_hash\" value=\"\" \/><input type=\"hidden\" name=\"_wpcf7_recaptcha_response\" value=\"\" \/>\n<\/fieldset>\n<p><label> Anrede<br \/>\n<span class=\"wpcf7-form-control-wrap\" data-name=\"Anrede\"><select class=\"wpcf7-form-control wpcf7-select wpcf7-validates-as-required\" aria-required=\"true\" aria-invalid=\"false\" name=\"Anrede\"><option value=\"Herr\">Herr<\/option><option value=\"Frau\">Frau<\/option><option value=\"keine Angabe\">keine Angabe<\/option><\/select><\/span> <\/label>\n<\/p>\n<p><label> Ihr Name<br \/>\n<span class=\"wpcf7-form-control-wrap\" data-name=\"your-name\"><input size=\"40\" maxlength=\"400\" class=\"wpcf7-form-control wpcf7-text wpcf7-validates-as-required\" autocomplete=\"name\" aria-required=\"true\" aria-invalid=\"false\" value=\"\" type=\"text\" name=\"your-name\" \/><\/span> <\/label>\n<\/p>\n<p><label> Ihre E-Mail-Adresse<br \/>\n<span class=\"wpcf7-form-control-wrap\" data-name=\"your-email\"><input size=\"40\" maxlength=\"400\" class=\"wpcf7-form-control wpcf7-email wpcf7-validates-as-required wpcf7-text wpcf7-validates-as-email\" autocomplete=\"email\" aria-required=\"true\" aria-invalid=\"false\" value=\"\" type=\"email\" name=\"your-email\" \/><\/span> <\/label>\n<\/p>\n<p><label> Telefon (optional)<br \/>\n<span class=\"wpcf7-form-control-wrap\" data-name=\"Telefon\"><input size=\"40\" maxlength=\"400\" class=\"wpcf7-form-control wpcf7-tel wpcf7-text wpcf7-validates-as-tel\" aria-invalid=\"false\" value=\"\" type=\"tel\" name=\"Telefon\" \/><\/span> <\/label>\n<\/p>\n<p><label> Betreff<br \/>\n<span class=\"wpcf7-form-control-wrap\" data-name=\"your-subject\"><input size=\"40\" maxlength=\"400\" class=\"wpcf7-form-control wpcf7-text wpcf7-validates-as-required\" aria-required=\"true\" aria-invalid=\"false\" value=\"\" type=\"text\" name=\"your-subject\" \/><\/span> <\/label>\n<\/p>\n<p><label> Ihr Anliegen (optional)<br \/>\n<span class=\"wpcf7-form-control-wrap\" data-name=\"your-message\"><textarea cols=\"40\" rows=\"10\" maxlength=\"2000\" class=\"wpcf7-form-control wpcf7-textarea wpcf7-validates-as-required\" aria-required=\"true\" aria-invalid=\"false\" name=\"your-message\"><\/textarea><\/span> <\/label>\n<\/p>\n<p><label> Wie m\u00f6chten Sie kontaktiert werden? <\/label><br \/>\n<span class=\"wpcf7-form-control-wrap\" data-name=\"Kontaktaufnahme\"><span class=\"wpcf7-form-control wpcf7-checkbox wpcf7-validates-as-required\"><span class=\"wpcf7-list-item first\"><label><input type=\"checkbox\" name=\"Kontaktaufnahme[]\" value=\"E-Mail\" \/><span class=\"wpcf7-list-item-label\">E-Mail<\/span><\/label><\/span><span class=\"wpcf7-list-item last\"><label><input type=\"checkbox\" name=\"Kontaktaufnahme[]\" value=\"Telefon\" \/><span class=\"wpcf7-list-item-label\">Telefon<\/span><\/label><\/span><\/span><\/span>\n<\/p>\n<p><span class=\"wpcf7-form-control-wrap\" data-name=\"Zustimmung\"><span class=\"wpcf7-form-control wpcf7-acceptance optional\"><span class=\"wpcf7-list-item\"><label><input type=\"checkbox\" name=\"Zustimmung\" value=\"1\" aria-invalid=\"false\" \/><span class=\"wpcf7-list-item-label\">Ich stimme zu, dass meine Angaben aus dem Kontaktformular zur Beantwortung meiner Anfrage erhoben und verarbeitet werden. Die Daten werden nach abgeschlossener Bearbeitung Ihrer Anfrage gel\u00f6scht. Hinweis: Sie k\u00f6nnen Ihre Einwilligung jederzeit f\u00fcr die Zukunft per E-Mail an verwaltung@birkenhof-neetze.de widerrufen. Detaillierte Informationen zum Umgang mit Nutzerdaten finden Sie in unserer Datenschutzerkl\u00e4rung.<\/span><\/label><\/span><\/span><\/span>\n<\/p>\n\n<p><input class=\"wpcf7-form-control wpcf7-submit has-spinner\" type=\"submit\" value=\"Senden\" \/>\n<\/p><div class=\"wpcf7-response-output\" aria-hidden=\"true\"><\/div>\n<\/form>\n<\/div>\n\n<\/div>\n<p><!--more--><br \/>\n<!-- {\"type\":\"layout\",\"children\":[{\"type\":\"section\",\"props\":{\"image_position\":\"center-center\",\"padding_remove_bottom\":false,\"style\":\"default\",\"title_breakpoint\":\"xl\",\"title_position\":\"top-left\",\"title_rotation\":\"left\",\"vertical_align\":\"\",\"width\":\"default\"},\"children\":[{\"type\":\"row\",\"children\":[{\"type\":\"column\",\"props\":{\"image_position\":\"center-center\",\"position_sticky_breakpoint\":\"m\",\"width_medium\":\"1-4\"},\"children\":[{\"type\":\"text\",\"props\":{\"column_breakpoint\":\"m\",\"content\":\"\n\n<p><span style=\\\"color: #db7b09;\\\"><b>Lebensgemeinschaft <br \\\/>Birkenhof e.V.<\\\/b><\\\/span><br \\\/>Karzer Strasse 2<br \\\/>21398 Neetze<br \\\/>Telefon: 05850 97257 0<br \\\/><a href=\\\"mailto:verwaltung@birkenhof-neetze.de\\\">verwaltung@birkenhof-neetze.de<\\\/a><br \\\/><a href=\\\"https:\\\/\\\/www.birkenhof-neetze.de\\\/\\\">www.birkenhof-neetze.de<\\\/a><\\\/p>\\n\n\n<p><span style=\\\"color: #000000;\\\"><strong>Direkt erreichen Sie die Werkst\\u00e4tten:<\\\/strong> <\\\/span><br \\\/>Mo. \\u2013 Fr. : 8.00 \\u2013 12.00 Uhr<br \\\/>Mo. \\u2013 Do.: 14.00 \\u2013 17.00 Uhr<br \\\/>Tel.: Holzwerkstatt: 05850 97257 35<br \\\/>Tel.: Textilwerkstatt: 05850 97257 44<br \\\/><a href=\\\"mailto:werkstaetten@birkenhof-neetze.de\\\">werkstaetten@birkenhof-neetze.de<\\\/a><\\\/p>\",\"margin\":\"default\"}},{\"type\":\"search\",\"props\":{\"search_icon\":\"right\",\"search_size\":\"small\"},\"name\":\"Suche\"},{\"type\":\"text\",\"props\":{\"class\":\"prosidebar\",\"column_breakpoint\":\"m\",\"content\":\"\n\n<p><a href=\\\"https:\\\/\\\/bikeho.de\\\/index.php\\\/produkt-kategorie\\\/holzspielzeug\\\/\\\"><strong>Holzspielzeug<\\\/strong><\\\/a><\\\/p>\\n\n\n<ul>\\n\n\n<li><a href=\\\"https:\\\/\\\/bikeho.de\\\/index.php\\\/produkt-kategorie\\\/holzspielzeug\\\/baukloetze\\\/\\\">Baukl\\u00f6tze<\\\/a><\\\/li>\\n\n\n<li><a href=\\\"https:\\\/\\\/bikeho.de\\\/index.php\\\/produkt-kategorie\\\/holzspielzeug\\\/spielwelten\\\/\\\">Spielwelten<\\\/a><\\\/li>\\n\n\n<li><a href=\\\"https:\\\/\\\/bikeho.de\\\/index.php\\\/produkt-kategorie\\\/holzspielzeug\\\/behausungen\\\/\\\">Behausungen<\\\/a><\\\/li>\\n\n\n<li><a href=\\\"https:\\\/\\\/bikeho.de\\\/index.php\\\/produkt-kategorie\\\/holzspielzeug\\\/kleine-haeuser\\\/\\\">Kleine H\\u00e4user<\\\/a><\\\/li>\\n\n\n<li><a href=\\\"https:\\\/\\\/bikeho.de\\\/index.php\\\/produkt-kategorie\\\/holzspielzeug\\\/bruecken_und_tore\\\/\\\">Br\\u00fccken und Tore<\\\/a><\\\/li>\\n\n\n<li><a href=\\\"https:\\\/\\\/bikeho.de\\\/index.php\\\/produkt-kategorie\\\/holzspielzeug\\\/baeume\\\/\\\">B\\u00e4ume<\\\/a><\\\/li>\\n\n\n<li><a href=\\\"https:\\\/\\\/bikeho.de\\\/index.php\\\/produkt-kategorie\\\/holzspielzeug\\\/ritterburgen\\\/\\\">Ritterburgen<\\\/a><\\\/li>\\n\n\n<li><a href=\\\"https:\\\/\\\/bikeho.de\\\/index.php\\\/produkt-kategorie\\\/holzspielzeug\\\/spielklammer\\\/\\\">Spielklammer<\\\/a><\\\/li>\\n<\\\/ul>\\n\n\n<p><a href=\\\"https:\\\/\\\/bikeho.de\\\/index.php\\\/produkt-kategorie\\\/kunsthandwerkliches\\\/\\\"><strong>Kunsthandwerkliches<\\\/strong><\\\/a><\\\/p>\\n\n\n<p><a href=\\\"https:\\\/\\\/bikeho.de\\\/index.php\\\/produkt-kategorie\\\/kleiderbuegelhaken\\\/\\\"><strong>Kleiderb\\u00fcgelhaken<\\\/strong><\\\/a><\\\/p>\\n\n\n<p><a href=\\\"https:\\\/\\\/bikeho.de\\\/index.php\\\/produkt-kategorie\\\/sale\\\/\\\"><strong>Sale %<\\\/strong><\\\/a><\\\/p>\\n\n\n<p><a href=\\\"https:\\\/\\\/bikeho.de\\\/index.php\\\/produkt-kategorie\\\/textilien\\\/\\\"><strong>Textilien<\\\/strong><\\\/a><\\\/p>\\n\n\n<ul>\\n\n\n<li><a href=\\\"https:\\\/\\\/bikeho.de\\\/index.php\\\/produkt-kategorie\\\/textilien\\\/geschirrhandtuecher\\\/\\\">Geschirrhandt\\u00fccher<\\\/a><\\\/li>\\n\n\n<li><a href=\\\"https:\\\/\\\/bikeho.de\\\/index.php\\\/produkt-kategorie\\\/textilien\\\/sitzkissen\\\/\\\">Sitzkissen<\\\/a><\\\/li>\\n\n\n<li><a href=\\\"https:\\\/\\\/bikeho.de\\\/index.php\\\/produkt-kategorie\\\/textilien\\\/lesekissen\\\/\\\">Lesekissen<\\\/a><\\\/li>\\n\n\n<li><a href=\\\"https:\\\/\\\/bikeho.de\\\/index.php\\\/produkt-kategorie\\\/textilien\\\/schals\\\/\\\">Schals<\\\/a><\\\/li>\\n<\\\/ul>\",\"margin\":\"default\"},\"name\":\"Sidenavi\"}]},{\"type\":\"column\",\"props\":{\"image_position\":\"center-center\",\"position_sticky_breakpoint\":\"m\",\"width_medium\":\"3-4\"},\"children\":[{\"type\":\"breadcrumbs\",\"props\":{\"show_current\":true,\"show_home\":true}},{\"type\":\"headline\",\"props\":{\"content\":\"\n\n<p>Ihr pers\\u00f6nlicher Kontakt zu uns.<\\\/p>\",\"margin\":\"small\",\"title_element\":\"h2\",\"title_style\":\"h2\"}},{\"type\":\"headline\",\"props\":{\"class\":\"greener\",\"content\":\"Mit uns k\\u00f6nnen Sie reden und rechnen.\",\"margin_remove_top\":true,\"title_element\":\"h3\",\"title_style\":\"h3\"}},{\"type\":\"text\",\"props\":{\"column_breakpoint\":\"m\",\"content\":\"\n\n<p>Unser Kundenservice f\\u00fcr Sie: Haben Sie Fragen, Anregungen, W\\u00fcnsche, Lob oder auch Reklamationen und Kritik? Nutzen Sie bitte dieses Kontaktformular oder rufen Sie uns einfach an. Unsere Mitarbeiter aus der Holzwerkstatt sind vormittags von montags bis freitags, 8:00 \\u2013 12:00 Uhr und nachmittags au\\u00dfer freitags, 14:00 \\u2013 17:00 Uhr, f\\u00fcr Sie da und helfen Ihnen bei Fragen zu den Produkten oder Problemen beim Bestellvorgang gern weiter. <br \\\/>Telefon: 05850 97257 35<\\\/p>\",\"margin\":\"default\"}},{\"type\":\"text\",\"props\":{\"column_breakpoint\":\"m\",\"content\":\"\n\n<p>[contact-form-7 id=\\\"b6a93a6\\\" title=\\\"Kontaktformular\\\"]<\\\/p>\",\"margin\":\"default\"}}]}],\"props\":{\"layout\":\"1-4,3-4\"}}],\"name\":\"Content\"}],\"version\":\"4.5.13\"} --><\/p>\n","protected":false},"excerpt":{"rendered":"<p>Lebensgemeinschaft Birkenhof e.V.Karzer Strasse 221398 NeetzeTelefon: 05850 97257 0verwaltung@birkenhof-neetze.dewww.birkenhof-neetze.de Direkt erreichen Sie die Werkst\u00e4tten: Mo. \u2013 Fr. : 8.00 \u2013 12.00 UhrMo. \u2013 Do.: 14.00 \u2013 17.00 UhrTel.: Holzwerkstatt: 05850 97257 35Tel.: Textilwerkstatt: 05850 97257 44werkstaetten@birkenhof-neetze.de Holzspielzeug Baukl\u00f6tze Spielwelten Behausungen Kleine H\u00e4user Br\u00fccken und Tore B\u00e4ume Ritterburgen Spielklammer Kunsthandwerkliches Kleiderb\u00fcgelhaken Sale % Textilien Geschirrhandt\u00fccher Sitzkissen [&hellip;]<\/p>\n","protected":false},"author":1,"featured_media":0,"parent":0,"menu_order":1,"comment_status":"closed","ping_status":"closed","template":"","meta":{"footnotes":""},"class_list":["post-51","page","type-page","status-publish","hentry"],"_links":{"self":[{"href":"https:\/\/bikeho.de\/index.php\/wp-json\/wp\/v2\/pages\/51","targetHints":{"allow":["GET"]}}],"collection":[{"href":"https:\/\/bikeho.de\/index.php\/wp-json\/wp\/v2\/pages"}],"about":[{"href":"https:\/\/bikeho.de\/index.php\/wp-json\/wp\/v2\/types\/page"}],"author":[{"embeddable":true,"href":"https:\/\/bikeho.de\/index.php\/wp-json\/wp\/v2\/users\/1"}],"replies":[{"embeddable":true,"href":"https:\/\/bikeho.de\/index.php\/wp-json\/wp\/v2\/comments?post=51"}],"version-history":[{"count":15,"href":"https:\/\/bikeho.de\/index.php\/wp-json\/wp\/v2\/pages\/51\/revisions"}],"predecessor-version":[{"id":7293,"href":"https:\/\/bikeho.de\/index.php\/wp-json\/wp\/v2\/pages\/51\/revisions\/7293"}],"wp:attachment":[{"href":"https:\/\/bikeho.de\/index.php\/wp-json\/wp\/v2\/media?parent=51"}],"curies":[{"name":"wp","href":"https:\/\/api.w.org\/{rel}","templated":true}]}}