{"id":1318,"date":"2018-08-15T17:35:34","date_gmt":"2018-08-15T15:35:34","guid":{"rendered":"https:\/\/shop.birkenhof-neetze.de\/?post_type=product&#038;p=1318"},"modified":"2026-04-26T21:58:37","modified_gmt":"2026-04-26T19:58:37","slug":"spielklammer-ersatzring","status":"publish","type":"product","link":"https:\/\/bikeho.de\/index.php\/produkt\/spielklammer-ersatzring\/","title":{"rendered":"Spielklammer mit Ersatzring"},"content":{"rendered":"<p>Kinder lieben H\u00f6hlen bauen. Mit unseren Spielklammern lassen sich T\u00fccher leicht und sicher an Spielst\u00e4nder, Stuhl, Tisch oder Regal befestigen. Fertig ist die H\u00f6hle. Der O-Ring altert durch Luft und Sonne, er kann jederzeit nachbestellt werden. Er <span class=\"fontstyle0\">erf\u00fcllt die Anforderungen der DIN EN 71-3:2019+A1:2021 (Kategorie 3) f\u00fcr die Migration bestimmter Elemente.<\/span><\/p>\n<p>Die Spielklammer kann auf vielf\u00e4ltige Art und Weise die Kreativit\u00e4t beim Spielen anregen und mit weiteren Produkten kombiniert werden.<\/p>\n<p>Die Produkte sind aus regionalem Erlenholz gefertigt. Jedes Teil wird individuell geschnitzt, zuges\u00e4gt und geschliffen, alle Kanten werden abgerundet. Manche Teile verf\u00fcgen \u00fcber die Baumborke, die fest am Holz sitzt. Diese geb\u00fcrsteten Teile trainieren neben den geschliffenen Oberfl\u00e4chen nachhaltig den Tastsinn.<\/p>\n<p>Alle Holzspielwaren sind <img loading=\"lazy\" decoding=\"async\" src=\"https:\/\/bikeho.de\/wp-content\/uploads\/2020\/02\/ce-mark.png\" alt=\"\" width=\"35\" height=\"25\" \/>gepr\u00fcft, mit Pflanzen\u00f6l behandelt und k\u00f6nnen bedenkenlos in den Mund genommen werden.<\/p>\n<p><img loading=\"lazy\" decoding=\"async\" class=\"alignnone wp-image-5863\" src=\"https:\/\/www.bikeho.de\/wp-content\/uploads\/2022\/03\/nicht-fuer-0-3-Jahre-300x300.png\" alt=\"\" width=\"77\" height=\"77\" \/>Achtung! Nicht geeignet f\u00fcr Kinder unter 3 Jahren wegen verschluckbarer kleiner Teile.<\/p>\n","protected":false},"excerpt":{"rendered":"<ul>\n<li><strong>Kreativit\u00e4t f\u00f6rdernd<\/strong><\/li>\n<li><strong>Regionales Erlenholz<\/strong><\/li>\n<li><strong>Handarbeit &#8211; Jedes Teil einzigartig<\/strong><\/li>\n<li><strong>Geschnitzte &amp; ge\u00f6lte Oberfl\u00e4chen<\/strong><\/li>\n<li><strong><img loading=\"lazy\" decoding=\"async\" class=\"alignnone wp-image-6721\" src=\"https:\/\/bikeho.de\/wp-content\/uploads\/2024\/01\/CE-300x211.png\" alt=\"\" width=\"30\" height=\"21\" srcset=\"https:\/\/bikeho.de\/wp-content\/uploads\/2024\/01\/CE-300x211.png 300w, https:\/\/bikeho.de\/wp-content\/uploads\/2024\/01\/CE-1024x722.png 1024w, https:\/\/bikeho.de\/wp-content\/uploads\/2024\/01\/CE-768x541.png 768w, https:\/\/bikeho.de\/wp-content\/uploads\/2024\/01\/CE-600x423.png 600w, https:\/\/bikeho.de\/wp-content\/uploads\/2024\/01\/CE.png 1192w\" sizes=\"(max-width: 30px) 100vw, 30px\" \/>Gepr\u00fcft\u00a0<\/strong><\/li>\n<\/ul>\n","protected":false},"featured_media":1319,"comment_status":"open","ping_status":"closed","template":"","meta":[],"product_brand":[],"product_cat":[42,52],"product_tag":[77,78,79],"class_list":{"0":"post-1318","1":"product","2":"type-product","3":"status-publish","4":"has-post-thumbnail","6":"product_cat-holzspielzeug","7":"product_cat-spielklammer","8":"product_tag-gummiring","9":"product_tag-holzklammer","10":"product_tag-spielklammer","11":"product_shipping_class-dhl-paket-bis-20-kg","12":"pa_herkunft-deutschland","14":"first","15":"instock","16":"taxable","17":"shipping-taxable","18":"purchasable","19":"product-type-simple"},"_links":{"self":[{"href":"https:\/\/bikeho.de\/index.php\/wp-json\/wp\/v2\/product\/1318","targetHints":{"allow":["GET"]}}],"collection":[{"href":"https:\/\/bikeho.de\/index.php\/wp-json\/wp\/v2\/product"}],"about":[{"href":"https:\/\/bikeho.de\/index.php\/wp-json\/wp\/v2\/types\/product"}],"replies":[{"embeddable":true,"href":"https:\/\/bikeho.de\/index.php\/wp-json\/wp\/v2\/comments?post=1318"}],"wp:featuredmedia":[{"embeddable":true,"href":"https:\/\/bikeho.de\/index.php\/wp-json\/wp\/v2\/media\/1319"}],"wp:attachment":[{"href":"https:\/\/bikeho.de\/index.php\/wp-json\/wp\/v2\/media?parent=1318"}],"wp:term":[{"taxonomy":"product_brand","embeddable":true,"href":"https:\/\/bikeho.de\/index.php\/wp-json\/wp\/v2\/product_brand?post=1318"},{"taxonomy":"product_cat","embeddable":true,"href":"https:\/\/bikeho.de\/index.php\/wp-json\/wp\/v2\/product_cat?post=1318"},{"taxonomy":"product_tag","embeddable":true,"href":"https:\/\/bikeho.de\/index.php\/wp-json\/wp\/v2\/product_tag?post=1318"}],"curies":[{"name":"wp","href":"https:\/\/api.w.org\/{rel}","templated":true}]}}