{"id":3500,"date":"2020-12-01T13:45:14","date_gmt":"2020-12-01T12:45:14","guid":{"rendered":"https:\/\/shop.birkenhof-neetze.de\/?post_type=product&#038;p=3500"},"modified":"2025-08-05T17:47:16","modified_gmt":"2025-08-05T15:47:16","slug":"geschirrhandtuch-blau-lila-mit-orange","status":"publish","type":"product","link":"https:\/\/bikeho.de\/index.php\/produkt\/geschirrhandtuch-blau-lila-mit-orange\/","title":{"rendered":"Geschirrhandtuch, blau-lila mit orange"},"content":{"rendered":"\r\n<p>Die farblich fein aufeinander abgestimmten Geschirrhandt\u00fccher aus 60% Baumwolle und 40% Prozent Leinen. Sie sind ein Blickfang in jeder K\u00fcche und ein gro\u00dfartiger Helfer f\u00fcr den t\u00e4glichen Gebrauch. Alle Stoffe werden in unserer Werkstatt an Handwebst\u00fchlen gewebt, die verwendeten Garne sind kbA- und GOTS-zertifiziert. Sehr gut f\u00fcr Gl\u00e4ser geeignet.<\/p>\r\n\r\n\r\n\r\n<p><strong>Pflegeanleitun<\/strong>g<br \/>Maschinenwaschbar bis 60\u00b0 C, reduziert schleudern, h\u00e4ngend trocknen, k\u00f6nnen anschlie\u00dfend hei\u00df geb\u00fcgelt oder gemangelt werden. Alle Stoffe sind vorgewaschen, sie laufen deshalb nicht mehr ein.<\/p>\r\n\r\n\r\n\r\n<p>&nbsp;<\/p>\r\n\r\n\r\n\r\n<p>&nbsp;<\/p>\r\n\r\n\r\n\r\n<p>&nbsp;<\/p>\r\n","protected":false},"excerpt":{"rendered":"<ul>\n<li><strong>Handgewebt (Kleinserie)<\/strong><\/li>\n<li><strong>60% Baumwolle \u2013 40% Leinen (kbA)<\/strong><\/li>\n<li><strong>langlebig und strapazierf\u00e4hig<\/strong><\/li>\n<li><strong>Gr\u00f6\u00dfe ca. 47 x 65 cm<\/strong><\/li>\n<\/ul>\n","protected":false},"featured_media":7206,"comment_status":"open","ping_status":"closed","template":"","meta":[],"product_brand":[],"product_cat":[47,46],"product_tag":[],"class_list":{"0":"post-3500","1":"product","2":"type-product","3":"status-publish","4":"has-post-thumbnail","6":"product_cat-geschirrhandtuecher","7":"product_cat-textilien","8":"product_shipping_class-dhl-paket-bis-20-kg","9":"pa_herkunft-niedersachsen-deutschland","10":"pa_materialgewicht-250g-qm","11":"pa_pflege-nicht-bleichen","12":"pa_pflege-nicht-im-tuemmler-trocknen","13":"pa_pflege-waschbar-bis-60-grad","15":"first","16":"instock","17":"taxable","18":"shipping-taxable","19":"purchasable","20":"product-type-simple"},"_links":{"self":[{"href":"https:\/\/bikeho.de\/index.php\/wp-json\/wp\/v2\/product\/3500","targetHints":{"allow":["GET"]}}],"collection":[{"href":"https:\/\/bikeho.de\/index.php\/wp-json\/wp\/v2\/product"}],"about":[{"href":"https:\/\/bikeho.de\/index.php\/wp-json\/wp\/v2\/types\/product"}],"replies":[{"embeddable":true,"href":"https:\/\/bikeho.de\/index.php\/wp-json\/wp\/v2\/comments?post=3500"}],"wp:featuredmedia":[{"embeddable":true,"href":"https:\/\/bikeho.de\/index.php\/wp-json\/wp\/v2\/media\/7206"}],"wp:attachment":[{"href":"https:\/\/bikeho.de\/index.php\/wp-json\/wp\/v2\/media?parent=3500"}],"wp:term":[{"taxonomy":"product_brand","embeddable":true,"href":"https:\/\/bikeho.de\/index.php\/wp-json\/wp\/v2\/product_brand?post=3500"},{"taxonomy":"product_cat","embeddable":true,"href":"https:\/\/bikeho.de\/index.php\/wp-json\/wp\/v2\/product_cat?post=3500"},{"taxonomy":"product_tag","embeddable":true,"href":"https:\/\/bikeho.de\/index.php\/wp-json\/wp\/v2\/product_tag?post=3500"}],"curies":[{"name":"wp","href":"https:\/\/api.w.org\/{rel}","templated":true}]}}