{"id":5164,"date":"2024-01-30T18:54:58","date_gmt":"2024-01-30T17:54:58","guid":{"rendered":"https:\/\/shop.birkenhof-neetze.de\/?post_type=product&#038;p=5164"},"modified":"2025-08-04T18:55:26","modified_gmt":"2025-08-04T16:55:26","slug":"knochenkissen-lila-pink","status":"publish","type":"product","link":"https:\/\/bikeho.de\/index.php\/produkt\/knochenkissen-lila-pink\/","title":{"rendered":"Knochenkissen, lila-pink"},"content":{"rendered":"\r\n<div dir=\"ltr\">\r\n<div style=\"font-size: 12pt;font-family: 'Calibri';color: #000000\">\r\n<div dir=\"ltr\">\r\n<div style=\"font-size: 12pt;font-family: 'Calibri';color: #000000\">\r\n<div><span style=\"color: #333333;font-family: Georgia, 'Times New Roman', 'Bitstream Charter', Times, serif\">Der Leseknochen ist eine bequeme Unterst\u00fctzung beim Lesen oder Fernsehen. Er dient als St\u00fctze f\u00fcr den R\u00fccken oder den Nacken und kann so Verspannungen vorbeugen. <\/span><span style=\"color: #333333;font-family: Georgia, 'Times New Roman', 'Bitstream Charter', Times, serif\">Auch als Ablagehilfe f\u00fcr ein Buch oder Tablet ist er sehr n\u00fctzlich. <\/span><\/div>\r\n<div><span style=\"color: #333333;font-family: Georgia, 'Times New Roman', 'Bitstream Charter', Times, serif\">F\u00fcr eine gem\u00fctliche Zeit auf dem Sofa oder anderswo. <\/span><\/div>\r\n<div>\u00a0<\/div>\r\n<div><span style=\"color: #333333;font-family: Georgia, 'Times New Roman', 'Bitstream Charter', Times, serif\"><strong>Pflegehinweis:<\/strong> Maschinenwaschbar bis 60\u00b0 C, pflegeleicht<\/span><\/div>\r\n<\/div>\r\n<\/div>\r\n<div>\u00a0<\/div>\r\n<\/div>\r\n<\/div>\r\n","protected":false},"excerpt":{"rendered":"<ul>\n<li><strong>Handgewebt (Kleinserie)<\/strong><\/li>\n<li><strong>60% Baumwolle \u2013 40% Leinen (kbA)<\/strong><\/li>\n<li><strong>F\u00fcllung: hochwertige Hohlfaser<\/strong><\/li>\n<li><strong>Gr\u00f6\u00dfe ca. 40 x 20 x20 cm<\/strong><\/li>\n<\/ul>\n","protected":false},"featured_media":5165,"comment_status":"open","ping_status":"closed","template":"","meta":[],"product_brand":[],"product_cat":[48,46],"product_tag":[255,169,256,120],"class_list":{"0":"post-5164","1":"product","2":"type-product","3":"status-publish","4":"has-post-thumbnail","6":"product_cat-lesekissen","7":"product_cat-textilien","8":"product_tag-knochenkissen","9":"product_tag-lesekissen","10":"product_tag-leseknochen","11":"product_tag-stoffkissen","12":"product_shipping_class-dhl-paket-bis-20-kg","13":"pa_pflege-waschbar-bis-60-c","15":"first","16":"outofstock","17":"taxable","18":"shipping-taxable","19":"purchasable","20":"product-type-simple"},"_links":{"self":[{"href":"https:\/\/bikeho.de\/index.php\/wp-json\/wp\/v2\/product\/5164","targetHints":{"allow":["GET"]}}],"collection":[{"href":"https:\/\/bikeho.de\/index.php\/wp-json\/wp\/v2\/product"}],"about":[{"href":"https:\/\/bikeho.de\/index.php\/wp-json\/wp\/v2\/types\/product"}],"replies":[{"embeddable":true,"href":"https:\/\/bikeho.de\/index.php\/wp-json\/wp\/v2\/comments?post=5164"}],"wp:featuredmedia":[{"embeddable":true,"href":"https:\/\/bikeho.de\/index.php\/wp-json\/wp\/v2\/media\/5165"}],"wp:attachment":[{"href":"https:\/\/bikeho.de\/index.php\/wp-json\/wp\/v2\/media?parent=5164"}],"wp:term":[{"taxonomy":"product_brand","embeddable":true,"href":"https:\/\/bikeho.de\/index.php\/wp-json\/wp\/v2\/product_brand?post=5164"},{"taxonomy":"product_cat","embeddable":true,"href":"https:\/\/bikeho.de\/index.php\/wp-json\/wp\/v2\/product_cat?post=5164"},{"taxonomy":"product_tag","embeddable":true,"href":"https:\/\/bikeho.de\/index.php\/wp-json\/wp\/v2\/product_tag?post=5164"}],"curies":[{"name":"wp","href":"https:\/\/api.w.org\/{rel}","templated":true}]}}