{"id":6110,"date":"2022-11-03T15:42:33","date_gmt":"2022-11-03T14:42:33","guid":{"rendered":"https:\/\/shop.birkenhof-neetze.de\/?post_type=product&#038;p=6110"},"modified":"2024-11-04T08:45:33","modified_gmt":"2024-11-04T07:45:33","slug":"baumwoll-schal-gelb","status":"publish","type":"product","link":"https:\/\/bikeho.de\/index.php\/produkt\/baumwoll-schal-gelb\/","title":{"rendered":"Baumwoll-Schal, gelb"},"content":{"rendered":"<p>Handgewebter Schal in leichter, geschmeidiger Qualit\u00e4t. Jeder Schal ist ein Unikat und wird durch die handgedrehten Fransen zu einem besonderen Kleidungst\u00fcck.<\/p>\n<p style=\"font-weight: 400;\"><strong>Pflegehinweise<\/strong>: Feinw\u00e4sche\/ Handw\u00e4sche. Vorsichtig schleudern, an der Luft trocknen. Kann bei Bedarf hei\u00df geb\u00fcgelt werden.<\/p>\n<p>&nbsp;<\/p>\n","protected":false},"excerpt":{"rendered":"<ul>\n<li><strong>Handgewebt (Kleinserie)<\/strong><\/li>\n<li><strong>100% Baumwolle (kbA)<\/strong><\/li>\n<li><strong>Individuelle Farbgebung<\/strong><\/li>\n<\/ul>\n","protected":false},"featured_media":6111,"comment_status":"open","ping_status":"closed","template":"","meta":[],"product_brand":[],"product_cat":[49,46],"product_tag":[],"class_list":{"0":"post-6110","1":"product","2":"type-product","3":"status-publish","4":"has-post-thumbnail","6":"product_cat-schals","7":"product_cat-textilien","8":"product_shipping_class-dhl-paket-bis-20-kg","9":"pa_herkunft-niedersachsen-deutschland","10":"pa_pflege-feinwaesche-handwaesche","12":"first","13":"instock","14":"sold-individually","15":"taxable","16":"shipping-taxable","17":"purchasable","18":"product-type-simple"},"_links":{"self":[{"href":"https:\/\/bikeho.de\/index.php\/wp-json\/wp\/v2\/product\/6110","targetHints":{"allow":["GET"]}}],"collection":[{"href":"https:\/\/bikeho.de\/index.php\/wp-json\/wp\/v2\/product"}],"about":[{"href":"https:\/\/bikeho.de\/index.php\/wp-json\/wp\/v2\/types\/product"}],"replies":[{"embeddable":true,"href":"https:\/\/bikeho.de\/index.php\/wp-json\/wp\/v2\/comments?post=6110"}],"wp:featuredmedia":[{"embeddable":true,"href":"https:\/\/bikeho.de\/index.php\/wp-json\/wp\/v2\/media\/6111"}],"wp:attachment":[{"href":"https:\/\/bikeho.de\/index.php\/wp-json\/wp\/v2\/media?parent=6110"}],"wp:term":[{"taxonomy":"product_brand","embeddable":true,"href":"https:\/\/bikeho.de\/index.php\/wp-json\/wp\/v2\/product_brand?post=6110"},{"taxonomy":"product_cat","embeddable":true,"href":"https:\/\/bikeho.de\/index.php\/wp-json\/wp\/v2\/product_cat?post=6110"},{"taxonomy":"product_tag","embeddable":true,"href":"https:\/\/bikeho.de\/index.php\/wp-json\/wp\/v2\/product_tag?post=6110"}],"curies":[{"name":"wp","href":"https:\/\/api.w.org\/{rel}","templated":true}]}}