{"id":6116,"date":"2022-11-03T15:47:54","date_gmt":"2022-11-03T14:47:54","guid":{"rendered":"https:\/\/shop.birkenhof-neetze.de\/?post_type=product&#038;p=6116"},"modified":"2025-12-10T16:12:15","modified_gmt":"2025-12-10T15:12:15","slug":"baumwoll-schal-hellblau","status":"publish","type":"product","link":"https:\/\/bikeho.de\/index.php\/produkt\/baumwoll-schal-hellblau\/","title":{"rendered":"Baumwoll-Schal, hellblau"},"content":{"rendered":"<p>Handgewebter Schal in leichter, geschmeidiger Qualit\u00e4t.<br \/>\nJeder Schal ist ein Unikat und wird durch die handgedrehten Fransen zu einem besonderen Kleidungst\u00fcck.<\/p>\n<p><strong>Pflegehinweise<\/strong>: Feinw\u00e4sche\/ Handw\u00e4sche. Vorsichtig schleudern, an der Luft trocknen. Kann bei Bedarf hei\u00df geb\u00fcgelt werden.<\/p>\n","protected":false},"excerpt":{"rendered":"<ul>\n<li><strong>Handgewebt (Kleinserie)<\/strong><\/li>\n<li><strong>100% Baumwolle (kbA)<\/strong><\/li>\n<li><strong>Individuelle Farbgebung<\/strong><\/li>\n<\/ul>\n","protected":false},"featured_media":6117,"comment_status":"open","ping_status":"closed","template":"","meta":[],"product_brand":[],"product_cat":[49,46],"product_tag":[144,145],"class_list":{"0":"post-6116","1":"product","2":"type-product","3":"status-publish","4":"has-post-thumbnail","6":"product_cat-schals","7":"product_cat-textilien","8":"product_tag-schal","9":"product_tag-textil","10":"product_shipping_class-dhl-paket-bis-20-kg","11":"pa_herkunft-niedersachsen-deutschland","13":"first","14":"outofstock","15":"sold-individually","16":"taxable","17":"shipping-taxable","18":"purchasable","19":"product-type-simple"},"_links":{"self":[{"href":"https:\/\/bikeho.de\/index.php\/wp-json\/wp\/v2\/product\/6116","targetHints":{"allow":["GET"]}}],"collection":[{"href":"https:\/\/bikeho.de\/index.php\/wp-json\/wp\/v2\/product"}],"about":[{"href":"https:\/\/bikeho.de\/index.php\/wp-json\/wp\/v2\/types\/product"}],"replies":[{"embeddable":true,"href":"https:\/\/bikeho.de\/index.php\/wp-json\/wp\/v2\/comments?post=6116"}],"wp:featuredmedia":[{"embeddable":true,"href":"https:\/\/bikeho.de\/index.php\/wp-json\/wp\/v2\/media\/6117"}],"wp:attachment":[{"href":"https:\/\/bikeho.de\/index.php\/wp-json\/wp\/v2\/media?parent=6116"}],"wp:term":[{"taxonomy":"product_brand","embeddable":true,"href":"https:\/\/bikeho.de\/index.php\/wp-json\/wp\/v2\/product_brand?post=6116"},{"taxonomy":"product_cat","embeddable":true,"href":"https:\/\/bikeho.de\/index.php\/wp-json\/wp\/v2\/product_cat?post=6116"},{"taxonomy":"product_tag","embeddable":true,"href":"https:\/\/bikeho.de\/index.php\/wp-json\/wp\/v2\/product_tag?post=6116"}],"curies":[{"name":"wp","href":"https:\/\/api.w.org\/{rel}","templated":true}]}}