{"id":6147,"date":"2022-11-14T13:46:07","date_gmt":"2022-11-14T12:46:07","guid":{"rendered":"https:\/\/shop.birkenhof-neetze.de\/?post_type=product&#038;p=6147"},"modified":"2026-04-21T09:25:47","modified_gmt":"2026-04-21T07:25:47","slug":"2-wahl-ritterburg-15-teilig","status":"publish","type":"product","link":"https:\/\/bikeho.de\/index.php\/produkt\/2-wahl-ritterburg-15-teilig\/","title":{"rendered":"2. Wahl Ritterburg 15-teilig"},"content":{"rendered":"<p><strong>DIE LETZTEN ZWEI RITTERBURGEN IM GRO\u00dfEN FORMAT!!!<\/strong><\/p>\n<p>Wir haben sehr hohe Qualit\u00e4tsanspr\u00fcche und sondern Produkte mit Fehlern wie z.B. Rissen oder \u00c4sten aus. Diese bieten wir Ihnen hier als 2. Wahl Set mit einem Rabatt von 30 % an.<\/p>\n<p>Unsere Ritterburgen halten den st\u00e4rksten Angriffen stand. Die Mauern sind sehr dick und stehen sicher. Alle Teile sind auch einzeln erh\u00e4ltlich.<\/p>\n<p>Die Ritterburg als 15-teiliges Spielset kann auf vielf\u00e4ltige Art und Weise die Kreativit\u00e4t beim Spielen anregen und mit weiteren Produkten kombiniert werden.<\/p>\n<p>Die Produkte sind aus regionalem Erlenholz gefertigt. Jedes Teil wird individuell geschnitzt, zuges\u00e4gt und geschliffen, alle Kanten werden abgerundet. Manche Teile verf\u00fcgen \u00fcber die Baumborke, die fest am Holz sitzt. Diese geb\u00fcrsteten Teile trainieren neben den geschliffenen Oberfl\u00e4chen nachhaltig den Tastsinn.<\/p>\n<p>Alle Holzspielwaren sind\u00a0<img loading=\"lazy\" decoding=\"async\" src=\"https:\/\/bikeho.de\/wp-content\/uploads\/2020\/02\/ce-mark.png\" alt=\"\" width=\"35\" height=\"25\" \/>gepr\u00fcft, mit Pflanzen\u00f6l behandelt und k\u00f6nnen bedenkenlos in den Mund genommen werden.<\/p>\n","protected":false},"excerpt":{"rendered":"<ul>\n<li><strong>Kreativit\u00e4t f\u00f6rdernd<\/strong><\/li>\n<li><strong>Regionales Erlenholz<\/strong><\/li>\n<li><strong>Handarbeit &#8211; Jedes Teil einzigartig<\/strong><\/li>\n<li><strong>Geschnitzte &amp; ge\u00f6lte Oberfl\u00e4chen<\/strong><\/li>\n<li><strong><img loading=\"lazy\" decoding=\"async\" class=\"alignnone wp-image-6721\" src=\"https:\/\/bikeho.de\/wp-content\/uploads\/2024\/01\/CE-300x211.png\" alt=\"\" width=\"30\" height=\"21\" srcset=\"https:\/\/bikeho.de\/wp-content\/uploads\/2024\/01\/CE-300x211.png 300w, https:\/\/bikeho.de\/wp-content\/uploads\/2024\/01\/CE-1024x722.png 1024w, https:\/\/bikeho.de\/wp-content\/uploads\/2024\/01\/CE-768x541.png 768w, https:\/\/bikeho.de\/wp-content\/uploads\/2024\/01\/CE-600x423.png 600w, https:\/\/bikeho.de\/wp-content\/uploads\/2024\/01\/CE.png 1192w\" sizes=\"(max-width: 30px) 100vw, 30px\" \/>Gepr\u00fcft\u00a0<\/strong><\/li>\n<\/ul>\n<p><strong>Lieferung ohne Figuren<\/strong><\/p>\n","protected":false},"featured_media":1446,"comment_status":"open","ping_status":"closed","template":"","meta":[],"product_brand":[],"product_cat":[42,340],"product_tag":[86,68,81,70,80],"class_list":{"0":"post-6147","1":"product","2":"type-product","3":"status-publish","4":"has-post-thumbnail","6":"product_cat-holzspielzeug","7":"product_cat-sale","8":"product_tag-burgtor","9":"product_tag-holzritterburg","10":"product_tag-mauer","11":"product_tag-ritterburg","12":"product_tag-turm","13":"product_shipping_class-dhl-paket-bis-20-kg","14":"pa_herkunft-deutschland","16":"first","17":"instock","18":"sale","19":"taxable","20":"shipping-taxable","21":"purchasable","22":"product-type-simple"},"_links":{"self":[{"href":"https:\/\/bikeho.de\/index.php\/wp-json\/wp\/v2\/product\/6147","targetHints":{"allow":["GET"]}}],"collection":[{"href":"https:\/\/bikeho.de\/index.php\/wp-json\/wp\/v2\/product"}],"about":[{"href":"https:\/\/bikeho.de\/index.php\/wp-json\/wp\/v2\/types\/product"}],"replies":[{"embeddable":true,"href":"https:\/\/bikeho.de\/index.php\/wp-json\/wp\/v2\/comments?post=6147"}],"wp:featuredmedia":[{"embeddable":true,"href":"https:\/\/bikeho.de\/index.php\/wp-json\/wp\/v2\/media\/1446"}],"wp:attachment":[{"href":"https:\/\/bikeho.de\/index.php\/wp-json\/wp\/v2\/media?parent=6147"}],"wp:term":[{"taxonomy":"product_brand","embeddable":true,"href":"https:\/\/bikeho.de\/index.php\/wp-json\/wp\/v2\/product_brand?post=6147"},{"taxonomy":"product_cat","embeddable":true,"href":"https:\/\/bikeho.de\/index.php\/wp-json\/wp\/v2\/product_cat?post=6147"},{"taxonomy":"product_tag","embeddable":true,"href":"https:\/\/bikeho.de\/index.php\/wp-json\/wp\/v2\/product_tag?post=6147"}],"curies":[{"name":"wp","href":"https:\/\/api.w.org\/{rel}","templated":true}]}}