{"id":6406,"date":"2023-02-16T11:03:45","date_gmt":"2023-02-16T10:03:45","guid":{"rendered":"https:\/\/shop.birkenhof-neetze.de\/?post_type=product&#038;p=6406"},"modified":"2026-03-30T08:16:49","modified_gmt":"2026-03-30T06:16:49","slug":"baumwoll-schal-orange","status":"publish","type":"product","link":"https:\/\/bikeho.de\/index.php\/produkt\/baumwoll-schal-orange\/","title":{"rendered":"Baumwoll-Schal, orange"},"content":{"rendered":"\r\n<p>Handgewebter Schal in leichter, geschmeidiger Qualit\u00e4t. <br \/>Jeder Schal ist ein Unikat und wird durch die handgedrehten Fransen zu einem besonderen Kleidungst\u00fcck.<\/p>\r\n<p><strong>Pflegehinweise<\/strong>: Feinw\u00e4sche\/ Handw\u00e4sche. Vorsichtig schleudern, an der Luft trocknen. Kann bei Bedarf hei\u00df geb\u00fcgelt werden.<\/p>\r\n","protected":false},"excerpt":{"rendered":"<ul>\n<li><strong>Handgewebt (Kleinserie)<\/strong><\/li>\n<li><strong>100% Baumwolle (kbA)<\/strong><\/li>\n<li><strong>Individuelle Farbgebung <\/strong><\/li>\n<\/ul>\n","protected":false},"featured_media":6407,"comment_status":"open","ping_status":"closed","template":"","meta":[],"product_brand":[],"product_cat":[49,46],"product_tag":[],"class_list":{"0":"post-6406","1":"product","2":"type-product","3":"status-publish","4":"has-post-thumbnail","6":"product_cat-schals","7":"product_cat-textilien","8":"product_shipping_class-dhl-paket-bis-20-kg","10":"first","11":"instock","12":"sold-individually","13":"taxable","14":"shipping-taxable","15":"purchasable","16":"product-type-simple"},"_links":{"self":[{"href":"https:\/\/bikeho.de\/index.php\/wp-json\/wp\/v2\/product\/6406","targetHints":{"allow":["GET"]}}],"collection":[{"href":"https:\/\/bikeho.de\/index.php\/wp-json\/wp\/v2\/product"}],"about":[{"href":"https:\/\/bikeho.de\/index.php\/wp-json\/wp\/v2\/types\/product"}],"replies":[{"embeddable":true,"href":"https:\/\/bikeho.de\/index.php\/wp-json\/wp\/v2\/comments?post=6406"}],"wp:featuredmedia":[{"embeddable":true,"href":"https:\/\/bikeho.de\/index.php\/wp-json\/wp\/v2\/media\/6407"}],"wp:attachment":[{"href":"https:\/\/bikeho.de\/index.php\/wp-json\/wp\/v2\/media?parent=6406"}],"wp:term":[{"taxonomy":"product_brand","embeddable":true,"href":"https:\/\/bikeho.de\/index.php\/wp-json\/wp\/v2\/product_brand?post=6406"},{"taxonomy":"product_cat","embeddable":true,"href":"https:\/\/bikeho.de\/index.php\/wp-json\/wp\/v2\/product_cat?post=6406"},{"taxonomy":"product_tag","embeddable":true,"href":"https:\/\/bikeho.de\/index.php\/wp-json\/wp\/v2\/product_tag?post=6406"}],"curies":[{"name":"wp","href":"https:\/\/api.w.org\/{rel}","templated":true}]}}