{"id":7105,"date":"2025-02-11T08:12:07","date_gmt":"2025-02-11T07:12:07","guid":{"rendered":"https:\/\/shop.birkenhof-neetze.de\/?post_type=product&#038;p=7105"},"modified":"2026-01-30T09:39:51","modified_gmt":"2026-01-30T08:39:51","slug":"burgtor-2","status":"publish","type":"product","link":"https:\/\/bikeho.de\/index.php\/produkt\/burgtor-2\/","title":{"rendered":"Burgtor"},"content":{"rendered":"<p>Das Burgtor kann auf vielf\u00e4ltige Art und Weise die Kreativit\u00e4t beim Spielen anregen und mit weiteren Produkten kombiniert werden.<\/p>\n<p>Die Produkte sind aus regionalem Erlenholz gefertigt. Jedes Teil wird individuell geschnitzt, zuges\u00e4gt und geschliffen, alle Kanten werden abgerundet. Manche Teile verf\u00fcgen \u00fcber die Baumborke, die fest am Holz sitzt. Diese geb\u00fcrsteten Teile trainieren neben den geschliffenen Oberfl\u00e4chen nachhaltig den Tastsinn.<\/p>\n<p>Alle Holzspielwaren sind <img loading=\"lazy\" decoding=\"async\" src=\"https:\/\/bikeho.de\/wp-content\/uploads\/2020\/02\/ce-mark.png\" alt=\"\" width=\"35\" height=\"25\" \/>gepr\u00fcft, mit Pflanzen\u00f6l behandelt und k\u00f6nnen bedenkenlos in den Mund genommen werden.<\/p>\n","protected":false},"excerpt":{"rendered":"<ul>\n<li><strong>Kreativit\u00e4t f\u00f6rdernd<\/strong><\/li>\n<li><strong>Regionales Erlenholz<\/strong><\/li>\n<li><strong>Handarbeit \u2013 Jedes Teil einzigartig<\/strong><\/li>\n<li><strong>Geschnitzte &amp; ge\u00f6lte Oberfl\u00e4chen<\/strong><\/li>\n<li><strong><img loading=\"lazy\" decoding=\"async\" class=\"alignnone wp-image-6721\" src=\"https:\/\/bikeho.de\/wp-content\/uploads\/2024\/01\/CE-300x211.png\" alt=\"\" width=\"30\" height=\"21\" srcset=\"https:\/\/bikeho.de\/wp-content\/uploads\/2024\/01\/CE-300x211.png 300w, https:\/\/bikeho.de\/wp-content\/uploads\/2024\/01\/CE-1024x722.png 1024w, https:\/\/bikeho.de\/wp-content\/uploads\/2024\/01\/CE-768x541.png 768w, https:\/\/bikeho.de\/wp-content\/uploads\/2024\/01\/CE-600x423.png 600w, https:\/\/bikeho.de\/wp-content\/uploads\/2024\/01\/CE.png 1192w\" sizes=\"(max-width: 30px) 100vw, 30px\" \/>Gepr\u00fcft\u00a0<\/strong><\/li>\n<\/ul>\n<p><strong>Lieferung ohne Figuren<\/strong><\/p>\n","protected":false},"featured_media":8131,"comment_status":"open","ping_status":"closed","template":"","meta":[],"product_brand":[],"product_cat":[56,42],"product_tag":[86,68,70,62],"class_list":{"0":"post-7105","1":"product","2":"type-product","3":"status-publish","4":"has-post-thumbnail","6":"product_cat-behausungen","7":"product_cat-holzspielzeug","8":"product_tag-burgtor","9":"product_tag-holzritterburg","10":"product_tag-ritterburg","11":"product_tag-tor","12":"product_shipping_class-dhl-paket-bis-20-kg","13":"pa_herkunft-deutschland","15":"first","16":"instock","17":"taxable","18":"shipping-taxable","19":"purchasable","20":"product-type-simple"},"_links":{"self":[{"href":"https:\/\/bikeho.de\/index.php\/wp-json\/wp\/v2\/product\/7105","targetHints":{"allow":["GET"]}}],"collection":[{"href":"https:\/\/bikeho.de\/index.php\/wp-json\/wp\/v2\/product"}],"about":[{"href":"https:\/\/bikeho.de\/index.php\/wp-json\/wp\/v2\/types\/product"}],"replies":[{"embeddable":true,"href":"https:\/\/bikeho.de\/index.php\/wp-json\/wp\/v2\/comments?post=7105"}],"wp:featuredmedia":[{"embeddable":true,"href":"https:\/\/bikeho.de\/index.php\/wp-json\/wp\/v2\/media\/8131"}],"wp:attachment":[{"href":"https:\/\/bikeho.de\/index.php\/wp-json\/wp\/v2\/media?parent=7105"}],"wp:term":[{"taxonomy":"product_brand","embeddable":true,"href":"https:\/\/bikeho.de\/index.php\/wp-json\/wp\/v2\/product_brand?post=7105"},{"taxonomy":"product_cat","embeddable":true,"href":"https:\/\/bikeho.de\/index.php\/wp-json\/wp\/v2\/product_cat?post=7105"},{"taxonomy":"product_tag","embeddable":true,"href":"https:\/\/bikeho.de\/index.php\/wp-json\/wp\/v2\/product_tag?post=7105"}],"curies":[{"name":"wp","href":"https:\/\/api.w.org\/{rel}","templated":true}]}}