{"id":7189,"date":"2025-03-05T09:25:40","date_gmt":"2025-03-05T08:25:40","guid":{"rendered":"https:\/\/shop.birkenhof-neetze.de\/?post_type=product&#038;p=7189"},"modified":"2025-04-24T20:55:58","modified_gmt":"2025-04-24T18:55:58","slug":"raeucherturm","status":"publish","type":"product","link":"https:\/\/bikeho.de\/index.php\/produkt\/raeucherturm\/","title":{"rendered":"R\u00e4ucherturm"},"content":{"rendered":"\r\n<p>Erinnerungen an Kindertage und gem\u00fctliche Winterabende. Die bikeho\u00ae-R\u00e4ucherh\u00e4uschen haben einen Kupferschornstein, k\u00f6nnen mit allen handels\u00fcblichen R\u00e4ucherkegeln best\u00fcckt werden und sind auch dann Schmuckst\u00fccke und sch\u00f6ne Wohnaccessoires, wenn sie einmal au\u00dfer Betrieb sind.<\/p>\r\n<p>Die Produkte sind aus regionalem Erlenholz gefertigt. Jedes Teil wird individuell geschnitzt, zuges\u00e4gt und geschliffen, alle Kanten werden abgerundet. Manche Teile verf\u00fcgen \u00fcber die Baumborke, die fest am Holz sitzt.\u00a0<\/p>\r\n<p>Achtung: Kein Spielzeug! Ofen wird hei\u00df! Bitte feuerfeste Unterlage benutzen.<\/p>\r\n","protected":false},"excerpt":{"rendered":"<ul>\n<li><strong>Regionales Erlenholz<\/strong><\/li>\n<li><strong>Handarbeit &#8211; Jedes Teil einzigartig<\/strong><\/li>\n<li><strong>Geschnitzte &amp; ge\u00f6lte Oberfl\u00e4chen<\/strong><\/li>\n<\/ul>\n","protected":false},"featured_media":7190,"comment_status":"open","ping_status":"closed","template":"","meta":[],"product_brand":[],"product_cat":[339],"product_tag":[140,60,71],"class_list":{"0":"post-7189","1":"product","2":"type-product","3":"status-publish","4":"has-post-thumbnail","6":"product_cat-kunsthandwerkliches","7":"product_tag-hoehle","8":"product_tag-holzspielzeug","9":"product_tag-naturspielzeug","10":"product_shipping_class-dhl-paket-bis-20-kg","11":"pa_herkunft-deutschland","13":"first","14":"instock","15":"taxable","16":"shipping-taxable","17":"purchasable","18":"product-type-simple"},"_links":{"self":[{"href":"https:\/\/bikeho.de\/index.php\/wp-json\/wp\/v2\/product\/7189","targetHints":{"allow":["GET"]}}],"collection":[{"href":"https:\/\/bikeho.de\/index.php\/wp-json\/wp\/v2\/product"}],"about":[{"href":"https:\/\/bikeho.de\/index.php\/wp-json\/wp\/v2\/types\/product"}],"replies":[{"embeddable":true,"href":"https:\/\/bikeho.de\/index.php\/wp-json\/wp\/v2\/comments?post=7189"}],"wp:featuredmedia":[{"embeddable":true,"href":"https:\/\/bikeho.de\/index.php\/wp-json\/wp\/v2\/media\/7190"}],"wp:attachment":[{"href":"https:\/\/bikeho.de\/index.php\/wp-json\/wp\/v2\/media?parent=7189"}],"wp:term":[{"taxonomy":"product_brand","embeddable":true,"href":"https:\/\/bikeho.de\/index.php\/wp-json\/wp\/v2\/product_brand?post=7189"},{"taxonomy":"product_cat","embeddable":true,"href":"https:\/\/bikeho.de\/index.php\/wp-json\/wp\/v2\/product_cat?post=7189"},{"taxonomy":"product_tag","embeddable":true,"href":"https:\/\/bikeho.de\/index.php\/wp-json\/wp\/v2\/product_tag?post=7189"}],"curies":[{"name":"wp","href":"https:\/\/api.w.org\/{rel}","templated":true}]}}