{"id":7348,"date":"2025-04-27T17:43:25","date_gmt":"2025-04-27T15:43:25","guid":{"rendered":"https:\/\/bikeho.de\/?post_type=product&#038;p=7348"},"modified":"2025-08-13T10:37:04","modified_gmt":"2025-08-13T08:37:04","slug":"spielteppich-regenbogen-klein","status":"publish","type":"product","link":"https:\/\/bikeho.de\/index.php\/produkt\/spielteppich-regenbogen-klein\/","title":{"rendered":"Spielteppich &#8211; Regenbogen klein"},"content":{"rendered":"\r\n<p>Jedes Kind braucht so einen Platz zum Spielen. Farben und Naturmaterialien regen die Phantasie und beleben das freie Spiel.<\/p>\r\n<p>Der Teppich ist in der Oberfl\u00e4che aus 100% Wolle, er ist warm und robust zugleich und kann eine wunderbare Grundlage f\u00fcr viele Spielideen bilden. Alle Teppiche werden in unserer Werkstatt auf Handwebst\u00fchlen gewebt. Auch wenn sie oft \u00e4hnlich sind, f\u00e4llt jeder Teppich ein wenig anders aus und ist damit ein Unikat.<\/p>\r\n\r\n\r\n\r\n<p><strong>Pflegeanleitung<\/strong><br \/>Bei der Wolle kann eine Verschmutzung oft trocken abgeb\u00fcrstet werden. Bei Bedarf ist eine Handw\u00e4sche m\u00f6glich.<\/p>\r\n\r\n\r\n\r\n<p>&nbsp;<\/p>\r\n\r\n\r\n\r\n<p>&nbsp;<\/p>\r\n\r\n\r\n\r\n<p>&nbsp;<\/p>\r\n","protected":false},"excerpt":{"rendered":"<ul>\n<li><strong>Handgewebt <br \/><\/strong><\/li>\n<li><strong>100% Wolle (mit Jutekern)<\/strong><\/li>\n<li><strong>warm und robust<\/strong><\/li>\n<li><strong>Gr\u00f6\u00dfe ca. 70 x 80 cm<\/strong><\/li>\n<\/ul>\n","protected":false},"featured_media":7349,"comment_status":"open","ping_status":"closed","template":"","meta":[],"product_brand":[],"product_cat":[46],"product_tag":[350,349],"class_list":{"0":"post-7348","1":"product","2":"type-product","3":"status-publish","4":"has-post-thumbnail","6":"product_cat-textilien","7":"product_tag-regenbogenteppich","8":"product_tag-spielteppich","9":"product_shipping_class-dhl-paket-bis-20-kg","11":"first","12":"instock","13":"taxable","14":"shipping-taxable","15":"purchasable","16":"product-type-simple"},"_links":{"self":[{"href":"https:\/\/bikeho.de\/index.php\/wp-json\/wp\/v2\/product\/7348","targetHints":{"allow":["GET"]}}],"collection":[{"href":"https:\/\/bikeho.de\/index.php\/wp-json\/wp\/v2\/product"}],"about":[{"href":"https:\/\/bikeho.de\/index.php\/wp-json\/wp\/v2\/types\/product"}],"replies":[{"embeddable":true,"href":"https:\/\/bikeho.de\/index.php\/wp-json\/wp\/v2\/comments?post=7348"}],"wp:featuredmedia":[{"embeddable":true,"href":"https:\/\/bikeho.de\/index.php\/wp-json\/wp\/v2\/media\/7349"}],"wp:attachment":[{"href":"https:\/\/bikeho.de\/index.php\/wp-json\/wp\/v2\/media?parent=7348"}],"wp:term":[{"taxonomy":"product_brand","embeddable":true,"href":"https:\/\/bikeho.de\/index.php\/wp-json\/wp\/v2\/product_brand?post=7348"},{"taxonomy":"product_cat","embeddable":true,"href":"https:\/\/bikeho.de\/index.php\/wp-json\/wp\/v2\/product_cat?post=7348"},{"taxonomy":"product_tag","embeddable":true,"href":"https:\/\/bikeho.de\/index.php\/wp-json\/wp\/v2\/product_tag?post=7348"}],"curies":[{"name":"wp","href":"https:\/\/api.w.org\/{rel}","templated":true}]}}