{"id":7538,"date":"2025-06-16T16:30:36","date_gmt":"2025-06-16T14:30:36","guid":{"rendered":"https:\/\/bikeho.de\/?post_type=product&#038;p=7538"},"modified":"2026-03-24T12:09:24","modified_gmt":"2026-03-24T11:09:24","slug":"sack-anzuendholz-grossabnehmer","status":"publish","type":"product","link":"https:\/\/bikeho.de\/index.php\/produkt\/sack-anzuendholz-grossabnehmer\/","title":{"rendered":"Sack Anz\u00fcndholz Gro\u00dfabnehmer"},"content":{"rendered":"<p>Sack Anz\u00fcndholz<\/p>\n","protected":false},"excerpt":{"rendered":"<p>Sack Anz\u00fcndholz<\/p>\n","protected":false},"featured_media":0,"comment_status":"open","ping_status":"closed","template":"","meta":[],"product_brand":[],"product_cat":[303],"product_tag":[],"class_list":{"0":"post-7538","1":"product","2":"type-product","3":"status-publish","5":"product_cat-brennholz","7":"first","8":"instock","9":"taxable","10":"shipping-taxable","11":"purchasable","12":"product-type-simple"},"_links":{"self":[{"href":"https:\/\/bikeho.de\/index.php\/wp-json\/wp\/v2\/product\/7538","targetHints":{"allow":["GET"]}}],"collection":[{"href":"https:\/\/bikeho.de\/index.php\/wp-json\/wp\/v2\/product"}],"about":[{"href":"https:\/\/bikeho.de\/index.php\/wp-json\/wp\/v2\/types\/product"}],"replies":[{"embeddable":true,"href":"https:\/\/bikeho.de\/index.php\/wp-json\/wp\/v2\/comments?post=7538"}],"wp:attachment":[{"href":"https:\/\/bikeho.de\/index.php\/wp-json\/wp\/v2\/media?parent=7538"}],"wp:term":[{"taxonomy":"product_brand","embeddable":true,"href":"https:\/\/bikeho.de\/index.php\/wp-json\/wp\/v2\/product_brand?post=7538"},{"taxonomy":"product_cat","embeddable":true,"href":"https:\/\/bikeho.de\/index.php\/wp-json\/wp\/v2\/product_cat?post=7538"},{"taxonomy":"product_tag","embeddable":true,"href":"https:\/\/bikeho.de\/index.php\/wp-json\/wp\/v2\/product_tag?post=7538"}],"curies":[{"name":"wp","href":"https:\/\/api.w.org\/{rel}","templated":true}]}}