{"id":7789,"date":"2025-10-10T11:24:41","date_gmt":"2025-10-10T09:24:41","guid":{"rendered":"https:\/\/bikeho.de\/?post_type=product&#038;p=7789"},"modified":"2026-03-30T08:27:06","modified_gmt":"2026-03-30T06:27:06","slug":"handgeknuepftes-sitzkissen-apfel-auf-hellem-grund","status":"publish","type":"product","link":"https:\/\/bikeho.de\/index.php\/produkt\/handgeknuepftes-sitzkissen-apfel-auf-hellem-grund\/","title":{"rendered":"Handgekn\u00fcpftes Sitzkissen: Apfel auf hellem Grund"},"content":{"rendered":"\r\n<p style=\"font-weight: 400;\">Alle gezeigten Sitzkissen sind Unikate, sie sind sehr bequem und strapazierf\u00e4hig. Die in der Werkstatt entstandenen Bilder \u00fcbertragen wir auf den Kn\u00fcpfstramin. Mit zugeschnittenen Wollf\u00e4den wird das Motiv dann in die Vorlage eingekn\u00fcpft.<\/p>\r\n<p style=\"font-weight: 400;\"><strong>Pflegehinweise<\/strong>: vorsichtige Handw\u00e4sche mit lauwarmem Wasser (Wollwaschmittel).<br \/>Nicht wringen, liegend trocknen.<\/p>\r\n","protected":false},"excerpt":{"rendered":"<ul>\n<li><strong>Wolle auf Stramin<\/strong><\/li>\n<li><strong>Jedes St\u00fcck ein Unikat<\/strong><\/li>\n<li><strong>Handgekn\u00fcpft<\/strong><\/li>\n<li><strong>Gr\u00f6\u00dfe ca. 38 x 38 cm<\/strong><\/li>\n<\/ul>\n","protected":false},"featured_media":7800,"comment_status":"open","ping_status":"closed","template":"","meta":[],"product_brand":[],"product_cat":[46],"product_tag":[115,203,141,165],"class_list":{"0":"post-7789","1":"product","2":"type-product","3":"status-publish","4":"has-post-thumbnail","6":"product_cat-textilien","7":"product_tag-kissen","8":"product_tag-knuepfkissen","9":"product_tag-sitzkissen","10":"product_tag-unikat","11":"product_shipping_class-dhl-paket-bis-20-kg","12":"pa_pflege-handwaesche-nicht-wringen-liegend-trocknen","14":"first","15":"outofstock","16":"sold-individually","17":"taxable","18":"shipping-taxable","19":"purchasable","20":"product-type-simple"},"_links":{"self":[{"href":"https:\/\/bikeho.de\/index.php\/wp-json\/wp\/v2\/product\/7789","targetHints":{"allow":["GET"]}}],"collection":[{"href":"https:\/\/bikeho.de\/index.php\/wp-json\/wp\/v2\/product"}],"about":[{"href":"https:\/\/bikeho.de\/index.php\/wp-json\/wp\/v2\/types\/product"}],"replies":[{"embeddable":true,"href":"https:\/\/bikeho.de\/index.php\/wp-json\/wp\/v2\/comments?post=7789"}],"wp:featuredmedia":[{"embeddable":true,"href":"https:\/\/bikeho.de\/index.php\/wp-json\/wp\/v2\/media\/7800"}],"wp:attachment":[{"href":"https:\/\/bikeho.de\/index.php\/wp-json\/wp\/v2\/media?parent=7789"}],"wp:term":[{"taxonomy":"product_brand","embeddable":true,"href":"https:\/\/bikeho.de\/index.php\/wp-json\/wp\/v2\/product_brand?post=7789"},{"taxonomy":"product_cat","embeddable":true,"href":"https:\/\/bikeho.de\/index.php\/wp-json\/wp\/v2\/product_cat?post=7789"},{"taxonomy":"product_tag","embeddable":true,"href":"https:\/\/bikeho.de\/index.php\/wp-json\/wp\/v2\/product_tag?post=7789"}],"curies":[{"name":"wp","href":"https:\/\/api.w.org\/{rel}","templated":true}]}}